{"id":99,"date":"2024-10-26T07:11:56","date_gmt":"2024-10-26T07:11:56","guid":{"rendered":"https:\/\/cenanbicakci.net\/?page_id=99"},"modified":"2024-10-26T09:12:46","modified_gmt":"2024-10-26T09:12:46","slug":"yazmak-istedikleriniz","status":"publish","type":"page","link":"https:\/\/cenanbicakci.net\/?page_id=99","title":{"rendered":"Yazmak istedikleriniz"},"content":{"rendered":"\n<figure class=\"wp-block-table\"><table><tbody><tr><td>Cenan B\u0131\u00e7ak\u00e7\u0131 ile ilgili s\u00f6ylemek istediklerinizi, g\u00f6r\u00fc\u015f ve an\u0131lar\u0131n\u0131z\u0131 iletebilir, g\u00f6nderilenleri okuyabilirsiniz.<br>G\u00f6r\u00fc\u015flerinizi iletmek i\u00e7in:  <strong><a href=\"mailto:mail@cenanbicakci.net\">mail@cenanbicakci.net<\/a>\u00a0<\/strong><\/td><\/tr><tr><td>&nbsp;<\/td><\/tr><tr><td><strong>G\u00f6nderen: <\/strong><a href=\"https:\/\/web.archive.org\/web\/20230203143514\/mailto:aybarcan@gmail.com\">Mehmet Ali KESK\u0130N<\/a> <br>Babam\u0131n Cenan Abisi, benim Cenan amcam tan\u0131d\u0131\u011f\u0131m d\u00fcr\u00fcst, namuslu, \u00f6z\u00fc s\u00f6z\u00fc bir devrimci&#8230; iyi ki seni tan\u0131d\u0131m. en son 1993&#8217;te Cinnah cd. olu\u015fum sanat evinde g\u00f6r\u00fc\u015fm\u00fc\u015ft\u00fck. O son g\u00f6r\u00fc\u015f\u00fcm oldu. \u00dcz\u00fcld\u00fc\u011f\u00fcm tek \u015fey o sa\u011fken ona &#8221;iyi ki vars\u0131n demedim&#8221; \u015fimdi s\u00f6yl\u00fcyorum. &#8216;iyi ki vard\u0131n iyi ki seni tan\u0131d\u0131m.&#8217; A\u015fks\u0131z ve parampar\u00e7ayd\u0131 ya\u015fam bir inanc\u0131n y\u00fcceli\u011finde buldum seni bir kavgan\u0131n g\u00fczelli\u011finde sevdim. bitmedi daha s\u00fcr\u00fcyor o kavga ve s\u00fcrecek yery\u00fcz\u00fc a\u015fk\u0131n y\u00fcz\u00fc oluncaya dek! A\u015fk demi\u015fti ya\u015fam\u0131n b\u00fct\u00fcn ustalar\u0131 a\u015fk ile sevmek bir g\u00fczelli\u011fi ve d\u00f6v\u00fc\u015febilmek o g\u00fczellik u\u011fruna. i\u015fte y\u00fcz\u00fcnde badem \u00e7i\u00e7ekleri sa\u00e7lar\u0131nda g\u00fclen toprak ve ilkbahar. sen misin seni sevdi\u011fim o kavga, sen o kavgan\u0131n g\u00fczelli\u011fi misin yoksa&#8230; Bir inanc\u0131n y\u00fcceli\u011finde buldum seni bir kavgan\u0131n g\u00fczelli\u011finde sevdim. bin kez budad\u0131lar k\u00f6rpe dallar\u0131m\u0131z\u0131 bin kez k\u0131rd\u0131lar. yine \u00e7i\u00e7ekteyiz i\u015fte yine meyvedeyiz bin kez korkuya bo\u011fdular zaman\u0131 bin kez \u00f6l\u00fcmlediler yine do\u011fumday\u0131z i\u015fte, yine sevin\u00e7teyiz. bitmedi daha s\u00fcr\u00fcyor o kavga ve s\u00fcrecek yery\u00fcz\u00fc a\u015fk\u0131n y\u00fcz\u00fc oluncaya dek! Ge\u00e7ti\u011fimiz o ilk nehirlerden beri suyun ayaklar\u0131 olmu\u015ftur ayaklar\u0131m\u0131z ellerimiz, ta\u015f\u0131n ve topra\u011f\u0131n elleri. ya\u011fmura susam\u0131\u015f sabahlarda \u00e7o\u011fal\u0131rd\u0131k t\u00f6renlerle dikilirdik bur\u00e7lar\u0131n\u0131za. t\u00fcrk\u00fcler s\u00f6ylerdik hep ayn\u0131 telden ayn\u0131 sesten, ayn\u0131 y\u00fcrekten da\u011flara biz verirdik morlu\u011funu, hen\u00fcz b\u00f6yle ya\u011fmalanmam\u0131\u015ft\u0131 gen\u00e7li\u011fimiz&#8230; Ne g\u00fcn bat\u0131\u015f\u0131 \u00f6l\u00fcmlerin \u00fcz\u00fcnc\u00fcne ne tan at\u0131\u015f\u0131 do\u011fumlar\u0131n sevincine ey bir elinde mezarc\u0131lar yaratan, bir elinde ebeler ko\u015fturan do\u011fa bu sesleni\u015fimiz yaln\u0131zca sana ya\u015famas\u0131na ya\u015f\u0131yoruz ya g\u00fczelli\u011fini bitmedi daha s\u00fcr\u00fcyor o kavga ve s\u00fcrecek yery\u00fcz\u00fc a\u015fk\u0131n y\u00fcz\u00fc oluncaya dek! Saraylar saltanatlar \u00e7\u00f6ker kan susar birg\u00fcn zul\u00fcm biter. menek\u015felerde a\u00e7\u0131l\u0131r \u00fcst\u00fcm\u00fczde leylaklarda g\u00fcler. bug\u00fcnlerden geriye, bir yar\u0131na gidenler kal\u0131r bir de yar\u0131nlar i\u00e7in direnenler&#8230; \u015eiirler do\u011facak k\u0131vamda yine duygular yeniden ya\u011facak k\u0131vamda. ve y\u00fcrek, imgelerin en ula\u015f\u0131lmaz doru\u011funda. ey her\u015fey bitti diyenler korkunun sofras\u0131nda y\u0131lg\u0131nl\u0131k yiyenler. ne k\u0131rlarda direnen \u00e7i\u00e7ekler ne kentlerde devle\u015fen \u00f6fkeler hen\u00fcz elveda demediler. bitmedi daha s\u00fcr\u00fcyor o kavga ve s\u00fcrecek yery\u00fcz\u00fc a\u015fk\u0131n y\u00fcz\u00fc oluncaya dek!<\/td><\/tr><tr><td>&nbsp;<\/td><\/tr><tr><td><strong>G\u00f6nderen: <\/strong><a href=\"https:\/\/web.archive.org\/web\/20230203143514\/mailto:neos@otenet.gr\">Prof. Dr. Neokl\u0131s Sarris<\/a> Cenan benim gen\u00e7lik dostum. 1960 y\u0131l\u0131nda Ca\u011falo\u011flu nda T\u00fcrbedar sok. eski bir binan\u0131n \u00fcst kat\u0131nda bir odada Durum f\u0131k\u0131r ve sanat \u00e7\u0131kart\u0131yordu. Ayni oday\u0131 rahmtli Aziz Nesin (27 May\u0131s 1960 tan hemen sonra tekrar) Marko Pa\u015fa gazetesini tekrar \u00e7\u0131kart\u0131nca \u00e7\u0131kart\u0131nca,gazete idarehanesi olarak payla\u015f\u0131yordu. Ben Hukuk \u00f6\u011frencisi ve CHP \u0130stanbul ili Gen\u00e7llk Kollar\u0131 Y\u00f6netim Kurulu \u00fcyesi idim. Cenan benim a\u011fabeyim ve yolda\u015f\u0131m d\u0131 . Son kez May\u0131s 1980 da Ankara da g\u00f6r\u00fc\u015ftum. 12 Eyl\u00fcl fac\u0131as\u0131n\u0131n gelece\u011finden emindi. Bana bug\u00fcne dek yolu gosteren m\u00fccadele arkada\u015f\u0131m ve \u00f6nderim dir. Nur i\u00e7inde yats\u0131n. Demokrasiye susam\u0131\u015f halk\u0131m\u0131z i\u00e7in, hele ge\u00e7irdi\u011fimiz toplumsal siyasal ve \u0131deoloj\u0131k bunal\u0131m y\u0131llar\u0131nda y\u0131llar\u0131ndai, an\u0131s\u0131 baha bi\u00e7\u0131lmez de\u011ferindedir. Prof. Dr. Neoklis Sarris EDIK (Yunanistan \u0131n tar\u0131hi) Demokratik Merkez Birli\u011fi Partisi Genel Ba\u015fkan\u0131 Atina<\/td><\/tr><tr><td>&nbsp;<\/td><\/tr><tr><td><strong>G\u00f6nderen: <\/strong><a href=\"https:\/\/web.archive.org\/web\/20230203143514\/mailto:htus_devrimci.enternasyonal@windowslive.com\">Tayadcan Hido B\u0130NUMUT<\/a> Cenan a\u011fbi ile 1976 l\u0131 y\u0131larda SDP de tan\u0131\u015ft\u0131k,U\u011fur Canko\u00e7ak,Mehmet Ali Aybar,Ayd\u0131n K\u00f6ymen,Cemile Bayraktar ablam ve Ko\u00e7 Ender Yi\u011fitel a\u011fbim ve Bizim Macit U\u00e7ak,o\u011fuz a\u011fbi,Galip Hoca vb.de\u011ferlerle.Cenan a\u011fbi Anadolu&#8217;mun en onurlu Devrimci Direni\u015f\u00e7i sa\u011flam y\u00fcreklerindenolup,Y\u00dcZ ak\u0131d\u0131r T\u00fcrkiye&#8217;nin,bende ve bir\u00e7ok de\u011ferde eme\u011fi \u00e7ok b\u00fcy\u00fckt\u00fcr.\u00dclkemin en\u015ferefli Sendikac\u0131s\u0131d\u0131r,satmaz i\u015f\u00e7iyi-satt\u0131rmaz,i\u015f\u00e7i-i\u015fveren-sendikac\u0131 hep bir arada toplu s\u00f6zle\u015fme ve g\u00f6r\u00fc\u015fmeleri yapard\u0131.Cenan a\u011fbinin Bah\u00e7elievlerde evinde kald\u0131mbir gece,ekme\u011fini suyunu i\u00e7tim.Herkes Cenan B\u0131\u00e7ak\u00e7\u0131 olabilse yeter.Sevenlerinin ve Can Adana&#8217;m\u0131n \u015fahs\u0131nda kendisini ve ailesini Devrimci sayg\u0131lar\u0131mla selaml\u0131yorum.Hakk\u0131n\u0131 Helal Et Cenan A\u011fbi<\/td><\/tr><tr><td>&nbsp;<\/td><\/tr><tr><td><strong>G\u00f6nderen: <\/strong><a href=\"https:\/\/web.archive.org\/web\/20230203143514\/mailto:emrahuluc@gmail.com\">emrah ulu\u00e7<\/a> birlikte olu\u015fum sanatevinde \u00e7al\u0131\u015ft\u0131\u011f\u0131m\u0131z k\u0131sa s\u00fcre i\u00e7inde bana \u00e7ok \u015fey \u00f6\u011fretti. ya\u015fama k\u0131zg\u0131n olmayan, k\u0131zmayan bir insand\u0131. o zamanlar diyememi\u015ftim, \u015fimdi diyorum &#8220;seni \u00e7ok sevdim cenan abi&#8221;.<\/td><\/tr><tr><td>&nbsp;<\/td><\/tr><tr><td><strong>G\u00f6nderen: <\/strong><a href=\"https:\/\/web.archive.org\/web\/20230203143514\/mailto:agb2005@ttnet.net.tr\">G\u00fcrer B\u0131\u00e7ak\u00e7\u0131<\/a> \u00d6l\u00fcm\u00fcn\u00fcn 12.y\u0131l\u0131nda, CENAN BI\u00c7AK\u00c7I&#8217;y\u0131 anarken: -Kahrolsun emperyalist kapitalizm! -Kurtulu\u015f SOSYAL\u0130ZM! -Ya\u015fas\u0131n SOSYAL\u0130ZM! G\u00fcrer B\u0131\u00e7ak\u00e7\u0131<\/td><\/tr><\/tbody><\/table><\/figure>\n","protected":false},"excerpt":{"rendered":"<p>Cenan B\u0131\u00e7ak\u00e7\u0131 ile ilgili s\u00f6ylemek istediklerinizi, g\u00f6r\u00fc\u015f ve an\u0131lar\u0131n\u0131z\u0131 iletebilir, g\u00f6nderilenleri okuyabilirsiniz.G\u00f6r\u00fc\u015flerinizi iletmek i\u00e7in: mail@cenanbicakci.net\u00a0 &nbsp; G\u00f6nderen: Mehmet Ali KESK\u0130N Babam\u0131n Cenan Abisi, benim Cenan amcam tan\u0131d\u0131\u011f\u0131m d\u00fcr\u00fcst, namuslu, \u00f6z\u00fc s\u00f6z\u00fc bir devrimci&#8230; iyi ki seni tan\u0131d\u0131m. en son 1993&#8217;te Cinnah cd. olu\u015fum sanat evinde g\u00f6r\u00fc\u015fm\u00fc\u015ft\u00fck. O son g\u00f6r\u00fc\u015f\u00fcm oldu. \u00dcz\u00fcld\u00fc\u011f\u00fcm tek \u015fey o sa\u011fken [&hellip;]<\/p>\n","protected":false},"author":1,"featured_media":0,"parent":0,"menu_order":0,"comment_status":"closed","ping_status":"closed","template":"","meta":[],"_links":{"self":[{"href":"https:\/\/cenanbicakci.net\/index.php?rest_route=\/wp\/v2\/pages\/99"}],"collection":[{"href":"https:\/\/cenanbicakci.net\/index.php?rest_route=\/wp\/v2\/pages"}],"about":[{"href":"https:\/\/cenanbicakci.net\/index.php?rest_route=\/wp\/v2\/types\/page"}],"author":[{"embeddable":true,"href":"https:\/\/cenanbicakci.net\/index.php?rest_route=\/wp\/v2\/users\/1"}],"replies":[{"embeddable":true,"href":"https:\/\/cenanbicakci.net\/index.php?rest_route=%2Fwp%2Fv2%2Fcomments&post=99"}],"version-history":[{"count":3,"href":"https:\/\/cenanbicakci.net\/index.php?rest_route=\/wp\/v2\/pages\/99\/revisions"}],"predecessor-version":[{"id":181,"href":"https:\/\/cenanbicakci.net\/index.php?rest_route=\/wp\/v2\/pages\/99\/revisions\/181"}],"wp:attachment":[{"href":"https:\/\/cenanbicakci.net\/index.php?rest_route=%2Fwp%2Fv2%2Fmedia&parent=99"}],"curies":[{"name":"wp","href":"https:\/\/api.w.org\/{rel}","templated":true}]}}