{"id":96,"date":"2024-10-26T07:05:13","date_gmt":"2024-10-26T07:05:13","guid":{"rendered":"https:\/\/cenanbicakci.net\/?page_id=96"},"modified":"2024-10-26T07:05:13","modified_gmt":"2024-10-26T07:05:13","slug":"bir-incirlik-ussu-var","status":"publish","type":"page","link":"https:\/\/cenanbicakci.net\/?page_id=96","title":{"rendered":"Bir incirlik \u00fcss\u00fc var!"},"content":{"rendered":"\n<figure class=\"wp-block-table\"><table><tbody><tr><td><strong>Rasih Nuri \u0130leri<\/strong><br><br>Amerikan emperyalizminin kom\u015fumuz Irak halk\u0131na kar\u015f\u0131 giri\u015fti\u011fi son sald\u0131r\u0131, Adana&#8217;daki \u0130ncirlik Amerikan Hava \u00dcss\u00fc&#8217;n\u00fc yeniden g\u00fcncel duruma sokmu\u015ftur. Bu konuda iki eski an\u0131m var:<br><br>1962 y\u0131l\u0131n\u0131n ba\u015f\u0131nda T\u00fcrkiye \u0130\u015f\u00e7i Partisi&#8217;ne kaydolunca, memleketim Adana&#8217;ya gittim; Parti lokaline u\u011frad\u0131\u011f\u0131mda b\u00fcy\u00fck bir heyecan ya\u015fan\u0131yordu. Partinin Gen\u00e7lik Kolu Ba\u015fkan\u0131 ve Harb-\u0130\u015f Sendikas\u0131 Ba\u015fkan\u0131 <strong>Cenan<\/strong> B\u0131\u00e7akc\u0131 b\u00fcy\u00fck bir olay yaratm\u0131\u015ft\u0131. \u0130ncirlik Hava \u00dcss\u00fc i\u015fyerinde i\u015fverenle olan anla\u015fmazl\u0131k sonucu sendika, yarg\u0131ya ba\u015fvurmu\u015f ve hakl\u0131 bulunarak alaca\u011f\u0131n\u0131 icra yoluyla tahsil etmek istenince icra g\u00f6revlileri i\u00e7eri al\u0131nmam\u0131\u015flar. Bunun \u00fczerine \u00e7aresiz kalan B\u0131\u00e7akc\u0131, bir bas\u0131n toplant\u0131s\u0131 d\u00fczenleyerek, \u00dcs&#8217;den \u00e7\u0131kan kamyonlara el koyarak kanuni alaca\u011f\u0131n\u0131 tahsil edece\u011fini bildirmi\u015f ve k\u0131z\u0131l k\u0131yamet kopuvermi\u015fti. Ger\u00e7ekten de &#8220;bizzat ihkak\u0131 hak&#8221; kanunen su\u00e7tur.<br>Bunu i\u015fitince Adana Valisi Mukadder \u00d6ztekin&#8217;in s\u0131n\u0131f arkada\u015f\u0131m oldu\u011funu an\u0131msayarak derhal Vilayet&#8217;e gittim ve \u00d6zel Kalem, vali me\u015fgul deyince &#8220;kart\u0131m\u0131 derhal ona iletin&#8221; dedim. Az sonra i\u00e7eri al\u0131nd\u0131m. Vali makam koltu\u011funda de\u011fil de iki ki\u015fi ile bir kanapede oturuyordu, aya\u011fa kalk\u0131p bana sar\u0131ld\u0131 ve misafirlerini, Polis M\u00fcd\u00fcr\u00fc, Cumhuriyet Ba\u015fsavc\u0131s\u0131 bilmem kim diye bana tan\u0131\u015ft\u0131rd\u0131. Konu\u015fmalar\u0131na devam ettiler. Konular\u0131, <strong>Cenan<\/strong> B\u0131\u00e7akc\u0131&#8217;n\u0131n yaratt\u0131\u011f\u0131 olayd\u0131. <strong>Cenan<\/strong>&#8216;\u0131 M\u00fcd\u00fcriyet&#8217;e g\u00f6t\u00fcr\u00fcp hafiften ok\u015fatmak karar\u0131n\u0131 al\u0131p ayr\u0131ld\u0131lar. Ben ise saf\u00e7ana &#8220;Konuyu anlayamad\u0131m, ger\u00e7ekten sendika lehinde karar var m\u0131?&#8221; diye sordum. Vali &#8220;Var, olmas\u0131na var ama uygulanamaz&#8221; deyince ben &#8220;Bu memlekette mahkeme kararlar\u0131 nas\u0131l olur da uygulanm\u0131yor&#8221; dedi\u011fimde Vali, &#8220;Ben Adana Valisiyim ama \u0130ncirlik Adana&#8217;da m\u0131 bilmiyorum&#8221; dedi. Ben de &#8220;Ceyhan&#8217;a gitmek i\u00e7in trene binerseniz, ilk istasyon \u0130ncirlik de\u011fil mi?&#8221; diye sorunca Mukadder &#8220;\u00d6yle olmas\u0131na \u00f6yle ama yine Adana&#8217;da olup olmad\u0131\u011f\u0131n\u0131 ben bilmiyorum&#8221; dedi. Ben de ayr\u0131l\u0131p Parti lokaline gittim, olay\u0131 anlat\u0131p &#8220;<strong>Cenan<\/strong> bir-iki g\u00fcn ortal\u0131kta g\u00f6r\u00fcnmesin&#8221; diye talimat verdim.<br><br>Y\u0131llar ge\u00e7ip de T\u00fcrkiye \u0130\u015f\u00e7i Partisi 1965&#8217;te TBMM&#8217;ye girince, Demirel h\u00fck\u00fcmetine ilk sorulan sorulardan biri \u0130ncirlik \u00dcss\u00fc hakk\u0131ndayd\u0131. Buna da ar damar\u0131 olmayan Ba\u015fbakan, &#8220;\u00dcs yok, tesis var&#8221; diye al\u0131\u015f\u0131\u011f\u0131 oldu\u011fu yan\u0131tlardan birini verdi.<br><br>Adana&#8217;da 1966 Malatya Parti Kongresi&#8217;nden az \u00f6nce ilgin\u00e7 bir olay olmu\u015ftu. K\u00fc\u00e7\u00fcksaat&#8217;ten Abidin Pa\u015fa Saati&#8217;ne giden yolun sa\u011f\u0131nda barlar bulunmaktad\u0131r. Bir g\u00fcn ikindi saatinde iki Amerikan neferi kapal\u0131 olan barlar\u0131n \u00f6n\u00fcnde bir k\u0131za laf at\u0131nca, orada bulunan eski kom\u00fcnistlerden T\u00fcrkiye \u0130\u015f\u00e7i Partili Ahmet Dokur arkada\u015f\u0131m &#8220;Bu memleketten Frans\u0131zlar\u0131 kovmu\u015ftuk, \u015fimdi Amerikal\u0131lar k\u0131zlar\u0131m\u0131za sata\u015f\u0131yor&#8221; diye bir fit sokmu\u015f ve yoldan ge\u00e7en iki-\u00fc\u00e7 gen\u00e7 Amerikal\u0131lar\u0131 tartaklamaya ba\u015flay\u0131nca polis araya girmi\u015f. Ve tam o s\u0131rada sinemalar bo\u015fald\u0131\u011f\u0131ndan dolay\u0131 olay b\u00fcy\u00fcm\u00fc\u015f, polis g\u00f6rd\u00fc\u011f\u00fc eski bir \u00f6\u011fretmene &#8220;Hocam, \u015fu kamyona binip halk\u0131 teskin et&#8221; deyince Hoca bindirildi\u011fi kamyondan dayanamay\u0131p daha da k\u0131\u015fk\u0131rt\u0131c\u0131 s\u00f6zler s\u00f6yleyince polisler kendisini M\u00fcd\u00fcriyet&#8217;e g\u00f6t\u00fcrmek zorunda kalm\u0131\u015flar. Halk, \u00f6\u011fretmeni kurtarmak i\u00e7in yolun sonunda olan M\u00fcd\u00fcriyet&#8217;i bast\u0131\u011f\u0131nda bu defa h\u0131z\u0131n\u0131 alamayan kalabal\u0131k Amerikan mahallesine gidip bir-iki otomobil devirmi\u015f, bir yandan da \u0130ncirlik \u00fczerine y\u00fcr\u00fcmeye kalk\u0131\u015fm\u0131\u015ft\u0131. Olaya bizim Ahmet Usta neden olup da oradan derhal ayr\u0131lmas\u0131 \u00fczerine, polis uzaktan seyirci olan T\u0130P y\u00f6neticisi Selahattin Uyar ile bir arkada\u015f\u0131m\u0131z\u0131 g\u00f6zalt\u0131na alm\u0131\u015ft\u0131. Tabii az sonra mahkemede temize \u00e7\u0131kt\u0131lar.<br><br><br>\u0130ncirlik Hava \u00dcss\u00fc&#8217;n\u00fcn bana an\u0131msatt\u0131\u011f\u0131 iki hikaye&#8230;<br>Oysa biliyoruz az sonra 6. Filo \u0130stanbul&#8217;a geldi\u011finde \u0130stanbul \u00fcniversite gen\u00e7li\u011fi, Deniz Gezmi\u015f ve arkada\u015flar\u0131, Amerikan bahriyelilerini denize atm\u0131\u015flar ve halk\u0131n co\u015fkun deste\u011fi ile kar\u015f\u0131lanm\u0131\u015flard\u0131r. \u0130\u015fte globalizm maskesi alt\u0131nda d\u00fcnyaya ve petrol alanlar\u0131na hakimiyetlerini oturtmak isteyen Amerikan emperyalistlerinin T\u00fcrkiyemizdeki tutumlar\u0131 ve bu tutumun bende uyand\u0131rd\u0131\u011f\u0131 an\u0131lar&#8230;<br><br>Amerikal\u0131lar hi\u00e7bir d\u00f6nemde yurdumuzun dostu olmam\u0131\u015ft\u0131r. Kendi menfaatleri i\u00e7in Balkanlar&#8217;da ve Ortado\u011fu&#8217;da halklar\u0131 b\u00f6l\u00fcp birbirine d\u00fc\u015fman eden emperyalistlere dur demek her yurtseverin g\u00f6revidir.<br><\/td><\/tr><tr><td><br><\/td><\/tr><\/tbody><\/table><\/figure>\n","protected":false},"excerpt":{"rendered":"<p>Rasih Nuri \u0130leri Amerikan emperyalizminin kom\u015fumuz Irak halk\u0131na kar\u015f\u0131 giri\u015fti\u011fi son sald\u0131r\u0131, Adana&#8217;daki \u0130ncirlik Amerikan Hava \u00dcss\u00fc&#8217;n\u00fc yeniden g\u00fcncel duruma sokmu\u015ftur. Bu konuda iki eski an\u0131m var: 1962 y\u0131l\u0131n\u0131n ba\u015f\u0131nda T\u00fcrkiye \u0130\u015f\u00e7i Partisi&#8217;ne kaydolunca, memleketim Adana&#8217;ya gittim; Parti lokaline u\u011frad\u0131\u011f\u0131mda b\u00fcy\u00fck bir heyecan ya\u015fan\u0131yordu. Partinin Gen\u00e7lik Kolu Ba\u015fkan\u0131 ve Harb-\u0130\u015f Sendikas\u0131 Ba\u015fkan\u0131 Cenan B\u0131\u00e7akc\u0131 b\u00fcy\u00fck [&hellip;]<\/p>\n","protected":false},"author":1,"featured_media":0,"parent":0,"menu_order":0,"comment_status":"closed","ping_status":"closed","template":"","meta":[],"_links":{"self":[{"href":"https:\/\/cenanbicakci.net\/index.php?rest_route=\/wp\/v2\/pages\/96"}],"collection":[{"href":"https:\/\/cenanbicakci.net\/index.php?rest_route=\/wp\/v2\/pages"}],"about":[{"href":"https:\/\/cenanbicakci.net\/index.php?rest_route=\/wp\/v2\/types\/page"}],"author":[{"embeddable":true,"href":"https:\/\/cenanbicakci.net\/index.php?rest_route=\/wp\/v2\/users\/1"}],"replies":[{"embeddable":true,"href":"https:\/\/cenanbicakci.net\/index.php?rest_route=%2Fwp%2Fv2%2Fcomments&post=96"}],"version-history":[{"count":1,"href":"https:\/\/cenanbicakci.net\/index.php?rest_route=\/wp\/v2\/pages\/96\/revisions"}],"predecessor-version":[{"id":97,"href":"https:\/\/cenanbicakci.net\/index.php?rest_route=\/wp\/v2\/pages\/96\/revisions\/97"}],"wp:attachment":[{"href":"https:\/\/cenanbicakci.net\/index.php?rest_route=%2Fwp%2Fv2%2Fmedia&parent=96"}],"curies":[{"name":"wp","href":"https:\/\/api.w.org\/{rel}","templated":true}]}}