{"id":90,"date":"2024-10-26T06:59:50","date_gmt":"2024-10-26T06:59:50","guid":{"rendered":"https:\/\/cenanbicakci.net\/?page_id=90"},"modified":"2024-10-26T09:10:04","modified_gmt":"2024-10-26T09:10:04","slug":"cenan-bicakcinin-ardindan","status":"publish","type":"page","link":"https:\/\/cenanbicakci.net\/?page_id=90","title":{"rendered":"&#8220;Cenan B\u0131\u00e7ak\u00e7\u0131&#8217;n\u0131n Ard\u0131ndan&#8221;"},"content":{"rendered":"\n<figure class=\"wp-block-table\"><table><tbody><tr><td><strong><em>Birikim<\/em><\/strong><\/td><td><\/td><\/tr><tr><td><strong><br><\/strong>(Birikim, Eyl\u00fcl 1995, Say\u0131 77) &#8211;<br><br>On alt\u0131 y\u0131l \u00f6nce, T\u00fcrkiye&#8217;de ilk kez televizyonda partiler ad\u0131na propaganda konu\u015fmalar\u0131na yer verildi\u011finde, Sosyalist Devrim Partisi ad\u0131na konu\u015fanlardan birisi de Genel Ba\u015fkan Cenan B\u0131\u00e7ak\u00e7\u0131&#8217;yd\u0131. Onun konu\u015fmas\u0131n\u0131 izleyen, sosyalist olan, olmayan pek \u00e7ok insan ayn\u0131 \u015feyi s\u00f6ylemi\u015fti: \u201cBu adam televizyonda birka\u00e7 kere daha konu\u015fsun, T\u00fcrkiye&#8217;de bir y\u0131\u011f\u0131n insan sosyalistlere oy verir\u2026\u201d Bunu d\u00fc\u015f\u00fcnd\u00fcrten, Cenan B\u0131\u00e7ak\u00e7\u0131&#8217;n\u0131n s\u00f6ylediklerinin i\u00e7eri\u011finden \u00f6te, s\u00f6yleyi\u015f bi\u00e7imiydi. Dilindeki, g\u00f6z\u00fcndeki s\u0131cakl\u0131k ve samimiyetti. Cenan B\u0131\u00e7ak\u00e7\u0131 b\u00f6yle bir adamd\u0131. Alman ozan Wolf Biermann&#8217;\u0131n 68 \u00f6\u011frenci \u00f6nderi Rudi Dutschke&#8217;nin \u00f6l\u00fcm\u00fc ard\u0131ndan yakt\u0131\u011f\u0131 \u015fark\u0131da dedi\u011fi gibi: \u201cYumu\u015fakt\u0131 o, \u00e7ok, \u00e7ok yumu\u015fakt\u0131\u2026 b\u00fct\u00fcn ger\u00e7ek radikaller gibi\u2026\u201d Cenan B\u0131\u00e7ak\u00e7\u0131 ola\u011fan\u00fcst\u00fc yumu\u015fak, ola\u011fan\u00fcst\u00fc ince ve nazik bir insand\u0131. B\u00fct\u00fcn ger\u00e7ek radikaller gibi. T\u00fcrkiye&#8217;de sendikac\u0131l\u0131kta sendika profesyonellerinin sultas\u0131n\u0131n bitip hakikaten i\u015f\u00e7ilerin s\u00f6z\u00fcn\u00fcn ge\u00e7mesi i\u00e7in; sosyalist siyasette \u201cprofesyonellerin\u201d az geri durup hakikaten \u201ca\u015fa\u011f\u0131dakilerin\u201d \u00f6ne \u00e7\u0131kmas\u0131 i\u00e7in, pek az kimsede olan bir inatla, sab\u0131rla ve sahici hevesle u\u011fra\u015ft\u0131. T\u0131pk\u0131 12 Eyl\u00fcl sonras\u0131nda zor bela y\u00fcr\u00fctt\u00fc\u011f\u00fc resim galerisinde, sanat ve resim, a\u015fa\u011f\u0131dakilerin de zevk ald\u0131\u011f\u0131, becerdi\u011fi bir i\u015f olsun diye u\u011fra\u015ft\u0131\u011f\u0131 gibi\u2026 1960&#8217;l\u0131 y\u0131llarda T\u00fcrkiye&#8217;de sosyalizmin pop\u00fclerle\u015fme d\u00f6nemini ya\u015fayan, bu s\u00fcre\u00e7te ba\u015f \u00e7eken \u201cbaba\u201d adamlar ku\u015fa\u011f\u0131n\u0131n belki en m\u00fctevaz\u0131s\u0131, en \u201cbaba\u201ds\u0131yd\u0131. \u00c7ay\u0131n\u0131 kendi koyan, kar\u015f\u0131s\u0131ndaki herkesi rahat ve e\u015fit olmaya zorlayan bir \u201cbaba adam\u201dd\u0131.<br><br>Ke\u015fke O&#8217;nu daha \u00e7ok insan tan\u0131sayd\u0131. Kesinlikle daha \u00e7ok insan sosyalist olurdu\u2026<\/td><\/tr><\/tbody><\/table><\/figure>\n","protected":false},"excerpt":{"rendered":"<p>Birikim (Birikim, Eyl\u00fcl 1995, Say\u0131 77) &#8211; On alt\u0131 y\u0131l \u00f6nce, T\u00fcrkiye&#8217;de ilk kez televizyonda partiler ad\u0131na propaganda konu\u015fmalar\u0131na yer verildi\u011finde, Sosyalist Devrim Partisi ad\u0131na konu\u015fanlardan birisi de Genel Ba\u015fkan Cenan B\u0131\u00e7ak\u00e7\u0131&#8217;yd\u0131. Onun konu\u015fmas\u0131n\u0131 izleyen, sosyalist olan, olmayan pek \u00e7ok insan ayn\u0131 \u015feyi s\u00f6ylemi\u015fti: \u201cBu adam televizyonda birka\u00e7 kere daha konu\u015fsun, T\u00fcrkiye&#8217;de bir y\u0131\u011f\u0131n insan [&hellip;]<\/p>\n","protected":false},"author":1,"featured_media":0,"parent":0,"menu_order":0,"comment_status":"closed","ping_status":"closed","template":"","meta":[],"_links":{"self":[{"href":"https:\/\/cenanbicakci.net\/index.php?rest_route=\/wp\/v2\/pages\/90"}],"collection":[{"href":"https:\/\/cenanbicakci.net\/index.php?rest_route=\/wp\/v2\/pages"}],"about":[{"href":"https:\/\/cenanbicakci.net\/index.php?rest_route=\/wp\/v2\/types\/page"}],"author":[{"embeddable":true,"href":"https:\/\/cenanbicakci.net\/index.php?rest_route=\/wp\/v2\/users\/1"}],"replies":[{"embeddable":true,"href":"https:\/\/cenanbicakci.net\/index.php?rest_route=%2Fwp%2Fv2%2Fcomments&post=90"}],"version-history":[{"count":2,"href":"https:\/\/cenanbicakci.net\/index.php?rest_route=\/wp\/v2\/pages\/90\/revisions"}],"predecessor-version":[{"id":177,"href":"https:\/\/cenanbicakci.net\/index.php?rest_route=\/wp\/v2\/pages\/90\/revisions\/177"}],"wp:attachment":[{"href":"https:\/\/cenanbicakci.net\/index.php?rest_route=%2Fwp%2Fv2%2Fmedia&parent=90"}],"curies":[{"name":"wp","href":"https:\/\/api.w.org\/{rel}","templated":true}]}}