{"id":84,"date":"2024-10-26T06:54:28","date_gmt":"2024-10-26T06:54:28","guid":{"rendered":"https:\/\/cenanbicakci.net\/?page_id=84"},"modified":"2024-10-26T09:09:12","modified_gmt":"2024-10-26T09:09:12","slug":"sendikaci-cenan-bicakci","status":"publish","type":"page","link":"https:\/\/cenanbicakci.net\/?page_id=84","title":{"rendered":"&#8220;Sendikac\u0131 Cenan B\u0131\u00e7ak\u00e7\u0131&#8221;"},"content":{"rendered":"\n<figure class=\"wp-block-table\"><table><tbody><tr><td> Y\u0131ld\u0131r\u0131m Ko\u00e7 &#8211;<br><br>Cenan B\u0131\u00e7ak\u00e7\u0131 6 Eyl\u00fcl 1995 g\u00fcn\u00fc \u00f6ld\u00fc. Cenan B\u0131\u00e7ak\u00e7\u0131&#8217;n\u0131n sosyalist hareketteki yeri ve katk\u0131lar\u0131 konusunda \u00e7ok yaz\u0131 yaz\u0131ld\u0131. Ancak sendikac\u0131l\u0131k alan\u0131ndaki \u00e7al\u0131\u015fmalar\u0131 ve katk\u0131lar\u0131 dile getirilmedi. Bunlar\u0131n unutulmamas\u0131 gerekti\u011fine inan\u0131yorum. <br><br>B\u0131\u00e7ak\u00e7\u0131 1933&#8217;te Adana&#8217;da do\u011fdu. Orman \u0130\u015fletmesi&#8217;nde \u00e7al\u0131\u015fan bir memurun o\u011fluydu. 1953 y\u0131l\u0131nda Elaz\u0131\u011f Sanat Enstit\u00fcs\u00fc tona tesviye b\u00f6l\u00fcm\u00fcn\u00fc bitirdi. \u0130lk olarak orman yol in\u015faatlar\u0131nda \u00e7al\u0131\u015ft\u0131. Daha sonra Elaz\u0131\u011f&#8217;da Karayollar\u0131 B\u00f6lge M\u00fcd\u00fcrl\u00fc\u011f\u00fc&#8217;nde muvakkat i\u015f\u00e7i oldu. Daha sonra \u0130stanbul&#8217;a gitti, gazetecilik e\u011fitimi g\u00f6rmeye ba\u015flad\u0131. Bu arada P\u0131nar Matbaas\u0131nda dizgici ve y\u00f6netici olarak \u00e7al\u0131\u015ft\u0131. Bu d\u00f6nemde sendikal \u00e7al\u0131\u015fma i\u00e7inde de\u011fildi. <br><br>Daha sonra da Adana&#8217;ya d\u00f6nd\u00fc. B\u0131\u00e7ak\u00e7\u0131, Adana&#8217;da T\u0130P&#8217;e girdi. \u0130l gen\u00e7lik kolu ba\u015fkan\u0131 oldu. Bu arada da \u0130ncirlik Hava Meydan\u0131&#8217;nda \u00e7al\u0131\u015fmaya ba\u015flad\u0131. 1961 y\u0131l\u0131nda \u0130ncirlik Hava Alan\u0131 Sendikas\u0131&#8217;n\u0131n ba\u015fkan\u0131 se\u00e7ildi. Bu sendikada ba\u015far\u0131\u0131l \u00e7al\u0131\u015fmalar yapt\u0131. 1966 y\u0131l\u0131nda ise \u00fcnl\u00fc Fukara Tahir&#8217;in (Tahir \u00d6zt\u00fcrk) Yap\u0131 \u0130\u015f sendikas\u0131n\u0131n G\u00fcney B\u00f6lge Ba\u015ftemsilcisi olarak atand\u0131. Yap\u0131 \u0130\u015f Sendikas\u0131 DD\u0130SK&#8217;in kurulmas\u0131 \u00f6ncesinde bu s\u00fcrece olumlu bakmas\u0131na kar\u015f\u0131n, kurulu\u015f sonras\u0131nda D\u0130SK&#8217;e \u00fcye olmay\u0131nca, B\u0131\u00e7ak\u00e7\u0131 buradan ayr\u0131ld\u0131. 25 Nisan 1967 g\u00fcn\u00fc ise D\u0130SK G\u00fcney B\u00f6lgesi Temsilcisi olarak atand\u0131. Ancak 2.8.1967 g\u00fcn\u00fc \u201cg\u00f6r\u00fclen l\u00fczum \u00fczerine\u201d bu g\u00f6revinden al\u0131nd\u0131. B\u0131\u00e7ak\u00e7\u0131 1968 y\u0131l\u0131nda \u0130stanbul&#8217;a ta\u015f\u0131nd\u0131. D\u0130SK&#8217;e ba\u011fl\u0131 T\u00fcrkiye G\u0131da \u0130\u015f&#8217;in \u00f6rg\u00fctlenmesinde ve grev komitelerinde \u00e7al\u0131\u015ft\u0131. 1969 y\u0131l\u0131nda ise Ankara&#8217;ya ta\u015f\u0131nd\u0131. Bu d\u00f6nemde T\u00fcrkku\u015fu&#8217;nda sendika kurma \u00e7al\u0131\u015fmalar\u0131 vard\u0131. \u00d6nce T\u00fcrkiye Ula\u015ft\u0131rma \u0130\u015f\u00e7ileri Sendikas\u0131 (TULSEN) kuruldu. Ancak mahkeme bu sendikan\u0131n i\u015fkolunu de\u011fi\u015ftirince ad\u0131 da B\u00fcro \u0130\u015f\u00e7ileri Sendikas\u0131 olarak de\u011fi\u015ftirildi. B\u0131\u00e7ak\u00e7\u0131 B\u0130SEN&#8217;de \u00fccretli olarak \u00e7al\u0131\u015ft\u0131. <br><br>BU arada T\u00dcB\u0130TAK&#8217;ta bir grev yap\u0131ld\u0131. B\u0131\u00e7ak\u00e7\u0131 bu grevde grev komitesini y\u00f6netti. Cenan B\u0131\u00e7ak\u00e7\u0131 denildi\u011finde derhal akla gelen sendika AS\u0130S&#8217;tir. AS\u0130S (A\u011fa\u00e7 E\u015fya Sanayi \u0130\u015f\u00e7ileri Sendikas\u0131) 1973 y\u0131l\u0131nda Tepe Mobilya i\u015fyerinde \u00e7al\u0131\u015fan 9 i\u015f\u00e7i taraf\u0131ndan kuruldu. Ancak bu s\u00fcrece \u00f6nderlik eden, AS\u0130S&#8217;e damgas\u0131n\u0131 vuran ki\u015fi Cenan B\u0131\u00e7ak\u00e7\u0131&#8217;yd\u0131. Cenan B\u0131\u00e7ak\u00e7\u0131, AS\u0130S&#8217;in 1974 y\u0131l\u0131ndaki birinci genel kurulunda Sendika Genel Ba\u015fkanl\u0131\u011f\u0131na se\u00e7ildi. B\u0131\u00e7ak\u00e7\u0131, Tepe Mobilya, DOMSAN, Kartal Kaplama, Sunta ve ELKA fabrikalar\u0131nda, toplus\u00f6zle\u015fme tasla\u011f\u0131n\u0131 i\u015f\u00e7ilerin haz\u0131rlad\u0131klar\u0131 ve toplu s\u00f6zle\u015fme g\u00f6r\u00fc\u015fmesine t\u00fcm i\u015f\u00e7ilerin girdi\u011fi farkl\u0131 bir y\u00f6ntem izledi. 1974 y\u0131l\u0131nda DOMSAN i\u015fyerindeki toplus\u00f6zle\u015fme g\u00f6r\u00fc\u015fmesine beni de g\u00f6t\u00fcrm\u00fc\u015ft\u00fc. Toplus\u00f6zle\u015fme masas\u0131n\u0131n bir taraf\u0131nda sendika ve i\u015f\u00e7i temsilcileri, di\u011fer tarafta i\u015fveren temsilcileri oturuyordu. \u0130\u015fyerindeki t\u00fcm i\u015f\u00e7iler salondayd\u0131. Her maddenin g\u00f6r\u00fc\u015f\u00fclmesi s\u0131ras\u0131nda, isteyen i\u015f\u00e7i s\u00f6z al\u0131yor ve g\u00f6r\u00fc\u015flerini a\u00e7\u0131klayabiliyordu. Sendika taraf\u0131 bir maddeyi kabul etmeden \u00f6nce i\u015f\u00e7ilerin onay\u0131n\u0131 al\u0131yordu. T\u00fcrkiye&#8217;de benzeri olmayan bu y\u00f6ntem ciddi engellerle kar\u015f\u0131la\u015ft\u0131. <br><br>Tepe Mobilya&#8217;da 8 ay grev yap\u0131ld\u0131. Ankara&#8217;da Ulusoy Mobilya i\u015fyerinde 850 i\u015f\u00e7iyle 8 ay grev oldu. AS\u0130S 1974 y\u0131l\u0131 Eyl\u00fcl ay\u0131nda D\u0130SK&#8217;e \u00fcye oldu. ELKA grevi s\u0131ras\u0131nda AS\u0130S ile D\u0130SK aras\u0131ndaki ili\u015fkiler ayr\u0131 bir yaz\u0131 konusu olacak kadar \u00f6nemlidir. 1976 DGM direni\u015fi s\u0131ras\u0131nda ise Kartal Sunta&#8217;da i\u015ften \u00e7\u0131kar\u0131lan i\u015f\u00e7iler direni\u015fle geri ald\u0131r\u0131ld\u0131. Cenan B\u0131\u00e7ak\u00e7\u0131&#8217;n\u0131n 1975 \u2013 1977 d\u00f6neminde D\u0130SK y\u00f6netimi ile ciddi sorunlar\u0131 oldu. \u00d6rne\u011fin, D\u0130SK \u00fcyesi AS\u0130S varken, D\u0130SK \u0130zmir B\u00f6lge Temsilcisinin te\u015fvikiyle kurulan Ba\u011f\u0131ms\u0131z A\u011fa\u00e7 \u2013 Sen, D\u0130SK y\u00f6netiminin deste\u011fiyle \u00f6rg\u00fctlenemye gitmi\u015fti. D\u0130SK&#8217;in 22 \u2013 26 12. 1977 g\u00fcnleri toplanan 6b. Genel Kurulunda, D\u0130SK y\u00f6netimi de\u011fi\u015fti ve Cenan B\u0131\u00e7ak\u00e7\u0131 D\u0130SK y\u00f6netim Kurulu \u00fcyeli\u011fine se\u00e7ildi. (Bu d\u00f6nemde y\u00fcr\u00fctme kurulu ve y\u00f6netim kurulu bi\u00e7iminde iki ayr\u0131 organ bulunuyordu.) AS\u0130S&#8217;in \u00e7ok demokratik bir \u00f6rg\u00fct yap\u0131s\u0131 vard\u0131. T\u00fcz\u00fc\u011f\u00fcn 46. maddesine g\u00f6re merkez y\u00fcr\u00fctme kurulu \u00fcyeleri ile \u015fube ba\u015fkanl\u0131k kurulu \u00fcyeleri ancak \u00fcst \u00fcste 2 ola\u011fan genel kurulda aday olabiliyordu. Cenan B\u0131\u00e7ak\u00e7\u0131 bu nedenle 10.6.1979 g\u00fcn\u00fc AS\u0130S Genel Ba\u015fkanl\u0131\u011f\u0131 g\u00f6revini b\u0131rakt\u0131 ve t\u00fcm a\u011f\u0131rl\u0131\u011f\u0131n\u0131 siyasal \u00e7al\u0131\u015fmaya verdi. <br><br>Cenan B\u0131\u00e7ak\u00e7\u0131&#8217;n\u0131n ve damgas\u0131n\u0131 vurdu\u011fu AS\u0130S&#8217;in T\u00fcrkiye sendikac\u0131l\u0131k tarihinde \u00f6zel bir yeri vard\u0131r. Kendisini sayg\u0131yla an\u0131yorum.<\/td><\/tr><tr><td>&nbsp;<\/td><\/tr><\/tbody><\/table><\/figure>\n","protected":false},"excerpt":{"rendered":"<p>Y\u0131ld\u0131r\u0131m Ko\u00e7 &#8211; Cenan B\u0131\u00e7ak\u00e7\u0131 6 Eyl\u00fcl 1995 g\u00fcn\u00fc \u00f6ld\u00fc. Cenan B\u0131\u00e7ak\u00e7\u0131&#8217;n\u0131n sosyalist hareketteki yeri ve katk\u0131lar\u0131 konusunda \u00e7ok yaz\u0131 yaz\u0131ld\u0131. Ancak sendikac\u0131l\u0131k alan\u0131ndaki \u00e7al\u0131\u015fmalar\u0131 ve katk\u0131lar\u0131 dile getirilmedi. Bunlar\u0131n unutulmamas\u0131 gerekti\u011fine inan\u0131yorum. B\u0131\u00e7ak\u00e7\u0131 1933&#8217;te Adana&#8217;da do\u011fdu. Orman \u0130\u015fletmesi&#8217;nde \u00e7al\u0131\u015fan bir memurun o\u011fluydu. 1953 y\u0131l\u0131nda Elaz\u0131\u011f Sanat Enstit\u00fcs\u00fc tona tesviye b\u00f6l\u00fcm\u00fcn\u00fc bitirdi. \u0130lk olarak orman [&hellip;]<\/p>\n","protected":false},"author":1,"featured_media":0,"parent":0,"menu_order":0,"comment_status":"closed","ping_status":"closed","template":"","meta":[],"_links":{"self":[{"href":"https:\/\/cenanbicakci.net\/index.php?rest_route=\/wp\/v2\/pages\/84"}],"collection":[{"href":"https:\/\/cenanbicakci.net\/index.php?rest_route=\/wp\/v2\/pages"}],"about":[{"href":"https:\/\/cenanbicakci.net\/index.php?rest_route=\/wp\/v2\/types\/page"}],"author":[{"embeddable":true,"href":"https:\/\/cenanbicakci.net\/index.php?rest_route=\/wp\/v2\/users\/1"}],"replies":[{"embeddable":true,"href":"https:\/\/cenanbicakci.net\/index.php?rest_route=%2Fwp%2Fv2%2Fcomments&post=84"}],"version-history":[{"count":3,"href":"https:\/\/cenanbicakci.net\/index.php?rest_route=\/wp\/v2\/pages\/84\/revisions"}],"predecessor-version":[{"id":174,"href":"https:\/\/cenanbicakci.net\/index.php?rest_route=\/wp\/v2\/pages\/84\/revisions\/174"}],"wp:attachment":[{"href":"https:\/\/cenanbicakci.net\/index.php?rest_route=%2Fwp%2Fv2%2Fmedia&parent=84"}],"curies":[{"name":"wp","href":"https:\/\/api.w.org\/{rel}","templated":true}]}}