{"id":77,"date":"2024-10-26T06:41:56","date_gmt":"2024-10-26T06:41:56","guid":{"rendered":"https:\/\/cenanbicakci.net\/?page_id=77"},"modified":"2024-10-26T07:02:21","modified_gmt":"2024-10-26T07:02:21","slug":"ardindan-yazilanlar","status":"publish","type":"page","link":"https:\/\/cenanbicakci.net\/?page_id=77","title":{"rendered":"Ard\u0131ndan yaz\u0131lanlar"},"content":{"rendered":"\n<figure class=\"wp-block-embed is-type-wp-embed is-provider-cenan-bicakci wp-block-embed-cenan-bicakci\"><div class=\"wp-block-embed__wrapper\">\n<blockquote class=\"wp-embedded-content\" data-secret=\"OI96ztiaXg\"><a href=\"https:\/\/cenanbicakci.net\/?page_id=75\">U\u011fur CANKO\u00c7AK  &#8220;Sosyalizm Fedaisini Kaybetti&#8221;<\/a><\/blockquote><iframe class=\"wp-embedded-content\" sandbox=\"allow-scripts\" security=\"restricted\" style=\"position: absolute; clip: rect(1px, 1px, 1px, 1px);\" title=\"&#8220;U\u011fur CANKO\u00c7AK  &#8220;Sosyalizm Fedaisini Kaybetti&#8221;&#8221; &#8212; Cenan B\u0131\u00e7ak\u00e7\u0131\" src=\"https:\/\/cenanbicakci.net\/?page_id=75&#038;embed=true#?secret=OI96ztiaXg\" data-secret=\"OI96ztiaXg\" width=\"580\" height=\"327\" frameborder=\"0\" marginwidth=\"0\" marginheight=\"0\" scrolling=\"no\"><\/iframe>\n<\/div><\/figure>\n\n\n\n<figure class=\"wp-block-embed is-type-wp-embed is-provider-cenan-bicakci wp-block-embed-cenan-bicakci\"><div class=\"wp-block-embed__wrapper\">\n<blockquote class=\"wp-embedded-content\" data-secret=\"LM1AbexgDw\"><a href=\"https:\/\/cenanbicakci.net\/?page_id=79\">&#8220;Cenan B\u0131\u00e7ak\u00e7\u0131&#8217;y\u0131 d\u00fc\u015f\u00fcnmek&#8221;<\/a><\/blockquote><iframe class=\"wp-embedded-content\" sandbox=\"allow-scripts\" security=\"restricted\" style=\"position: absolute; clip: rect(1px, 1px, 1px, 1px);\" title=\"&#8220;&#8220;Cenan B\u0131\u00e7ak\u00e7\u0131&#8217;y\u0131 d\u00fc\u015f\u00fcnmek&#8221;&#8221; &#8212; Cenan B\u0131\u00e7ak\u00e7\u0131\" src=\"https:\/\/cenanbicakci.net\/?page_id=79&#038;embed=true#?secret=LM1AbexgDw\" data-secret=\"LM1AbexgDw\" width=\"580\" height=\"327\" frameborder=\"0\" marginwidth=\"0\" marginheight=\"0\" scrolling=\"no\"><\/iframe>\n<\/div><\/figure>\n\n\n\n<figure class=\"wp-block-embed is-type-wp-embed is-provider-cenan-bicakci wp-block-embed-cenan-bicakci\"><div class=\"wp-block-embed__wrapper\">\n<blockquote class=\"wp-embedded-content\" data-secret=\"y0xXOfOi2c\"><a href=\"https:\/\/cenanbicakci.net\/?page_id=84\">&#8220;Sendikac\u0131 Cenan B\u0131\u00e7ak\u00e7\u0131&#8221;<\/a><\/blockquote><iframe class=\"wp-embedded-content\" sandbox=\"allow-scripts\" security=\"restricted\" style=\"position: absolute; clip: rect(1px, 1px, 1px, 1px);\" title=\"&#8220;&#8220;Sendikac\u0131 Cenan B\u0131\u00e7ak\u00e7\u0131&#8221;&#8221; &#8212; Cenan B\u0131\u00e7ak\u00e7\u0131\" src=\"https:\/\/cenanbicakci.net\/?page_id=84&#038;embed=true#?secret=y0xXOfOi2c\" data-secret=\"y0xXOfOi2c\" width=\"580\" height=\"327\" frameborder=\"0\" marginwidth=\"0\" marginheight=\"0\" scrolling=\"no\"><\/iframe>\n<\/div><\/figure>\n\n\n\n<figure class=\"wp-block-embed is-type-wp-embed is-provider-cenan-bicakci wp-block-embed-cenan-bicakci\"><div class=\"wp-block-embed__wrapper\">\n<blockquote class=\"wp-embedded-content\" data-secret=\"MlAnJD56jO\"><a href=\"https:\/\/cenanbicakci.net\/?page_id=87\">&#8220;Cenan Abi&#8230; &#8220;<\/a><\/blockquote><iframe class=\"wp-embedded-content\" sandbox=\"allow-scripts\" security=\"restricted\" style=\"position: absolute; clip: rect(1px, 1px, 1px, 1px);\" title=\"&#8220;&#8220;Cenan Abi&#8230; &#8220;&#8221; &#8212; Cenan B\u0131\u00e7ak\u00e7\u0131\" src=\"https:\/\/cenanbicakci.net\/?page_id=87&#038;embed=true#?secret=MlAnJD56jO\" data-secret=\"MlAnJD56jO\" width=\"580\" height=\"327\" frameborder=\"0\" marginwidth=\"0\" marginheight=\"0\" scrolling=\"no\"><\/iframe>\n<\/div><\/figure>\n\n\n\n<figure class=\"wp-block-embed is-type-wp-embed is-provider-cenan-bicakci wp-block-embed-cenan-bicakci\"><div class=\"wp-block-embed__wrapper\">\n<blockquote class=\"wp-embedded-content\" data-secret=\"C7nfNoBr7E\"><a href=\"https:\/\/cenanbicakci.net\/?page_id=90\">&#8220;Cenan B\u0131\u00e7ak\u00e7\u0131&#8217;n\u0131n Ard\u0131ndan&#8221;<\/a><\/blockquote><iframe class=\"wp-embedded-content\" sandbox=\"allow-scripts\" security=\"restricted\" style=\"position: absolute; clip: rect(1px, 1px, 1px, 1px);\" title=\"&#8220;&#8220;Cenan B\u0131\u00e7ak\u00e7\u0131&#8217;n\u0131n Ard\u0131ndan&#8221;&#8221; &#8212; Cenan B\u0131\u00e7ak\u00e7\u0131\" src=\"https:\/\/cenanbicakci.net\/?page_id=90&#038;embed=true#?secret=C7nfNoBr7E\" data-secret=\"C7nfNoBr7E\" width=\"580\" height=\"327\" frameborder=\"0\" marginwidth=\"0\" marginheight=\"0\" scrolling=\"no\"><\/iframe>\n<\/div><\/figure>\n\n\n\n<figure class=\"wp-block-embed is-type-wp-embed is-provider-cenan-bicakci wp-block-embed-cenan-bicakci\"><div class=\"wp-block-embed__wrapper\">\n<blockquote class=\"wp-embedded-content\" data-secret=\"AL7KwiRPr6\"><a href=\"https:\/\/cenanbicakci.net\/?page_id=93\">&#8220;Cenan B\u0131\u00e7ak\u00e7\u0131&#8217;n\u0131n an\u0131s\u0131na&#8221;<\/a><\/blockquote><iframe class=\"wp-embedded-content\" sandbox=\"allow-scripts\" security=\"restricted\" style=\"position: absolute; clip: rect(1px, 1px, 1px, 1px);\" title=\"&#8220;&#8220;Cenan B\u0131\u00e7ak\u00e7\u0131&#8217;n\u0131n an\u0131s\u0131na&#8221;&#8221; &#8212; Cenan B\u0131\u00e7ak\u00e7\u0131\" src=\"https:\/\/cenanbicakci.net\/?page_id=93&#038;embed=true#?secret=AL7KwiRPr6\" data-secret=\"AL7KwiRPr6\" width=\"580\" height=\"327\" frameborder=\"0\" marginwidth=\"0\" marginheight=\"0\" scrolling=\"no\"><\/iframe>\n<\/div><\/figure>\n","protected":false},"excerpt":{"rendered":"","protected":false},"author":1,"featured_media":0,"parent":0,"menu_order":0,"comment_status":"closed","ping_status":"closed","template":"","meta":[],"_links":{"self":[{"href":"https:\/\/cenanbicakci.net\/index.php?rest_route=\/wp\/v2\/pages\/77"}],"collection":[{"href":"https:\/\/cenanbicakci.net\/index.php?rest_route=\/wp\/v2\/pages"}],"about":[{"href":"https:\/\/cenanbicakci.net\/index.php?rest_route=\/wp\/v2\/types\/page"}],"author":[{"embeddable":true,"href":"https:\/\/cenanbicakci.net\/index.php?rest_route=\/wp\/v2\/users\/1"}],"replies":[{"embeddable":true,"href":"https:\/\/cenanbicakci.net\/index.php?rest_route=%2Fwp%2Fv2%2Fcomments&post=77"}],"version-history":[{"count":6,"href":"https:\/\/cenanbicakci.net\/index.php?rest_route=\/wp\/v2\/pages\/77\/revisions"}],"predecessor-version":[{"id":95,"href":"https:\/\/cenanbicakci.net\/index.php?rest_route=\/wp\/v2\/pages\/77\/revisions\/95"}],"wp:attachment":[{"href":"https:\/\/cenanbicakci.net\/index.php?rest_route=%2Fwp%2Fv2%2Fmedia&parent=77"}],"curies":[{"name":"wp","href":"https:\/\/api.w.org\/{rel}","templated":true}]}}