{"id":75,"date":"2024-10-26T06:40:14","date_gmt":"2024-10-26T06:40:14","guid":{"rendered":"https:\/\/cenanbicakci.net\/?page_id=75"},"modified":"2024-10-26T09:10:26","modified_gmt":"2024-10-26T09:10:26","slug":"ugur-cankocak-sosyalizm-fedaisini-kaybetti","status":"publish","type":"page","link":"https:\/\/cenanbicakci.net\/?page_id=75","title":{"rendered":"&#8220;Sosyalizm Fedaisini Kaybetti&#8221;"},"content":{"rendered":"\n<figure class=\"wp-block-table\"><table><tbody><tr><td>U\u011fur CANKO\u00c7AK Yeni Y\u00fczy\u0131l gazetesi \u2013 8 Eyl\u00fcl 1995 &#8211;<br> <br>Cenan B\u0131\u00e7ak\u00e7\u0131&#8217;y\u0131 1973&#8217;te Adana&#8217;da tan\u0131d\u0131m. T\u00fcrkiye \u0130\u015f\u00e7i Partisi&#8217;nin il ba\u015fkan\u0131yd\u0131. \u00c7ok gen\u00e7, dinamik ve iyi konu\u015fan, d\u00fc\u015f\u00fcncelerini \u00e7ok iyi ifade eden biri olarak dikkatimi \u00e7ekmi\u015fti. Genel Ba\u015fkan Mehmet Ali Aybar&#8217;la Adana&#8217;dayd\u0131k. Say\u0131lar\u0131 pek de fazla olmayan T\u0130P&#8217;lilere Aybar, T\u00fcrkiye&#8217;nin durumu ve partinin T\u00fcrkiye&#8217;nin sorunlar\u0131na getirdi\u011fi \u00e7\u00f6z\u00fcmleri anlatm\u0131\u015ft\u0131. Aybar&#8217;dan sonra s\u00f6z alan Cenan B\u0131\u00e7ak\u00e7\u0131&#8217;n\u0131n \u00e7ok ilgin\u00e7 sorular sordu\u011funu ve adeta Aybar&#8217;\u0131n konu\u015fmas\u0131na katk\u0131da bulundu\u011funu saptam\u0131\u015ft\u0131m. \u201cKim bu adam ne i\u015f yapar\u201d diye sordu\u011fumda \u0130ncirlik Hava \u00dcss\u00fc&#8217;nde \u00e7al\u0131\u015fan bir i\u015f\u00e7i oldu\u011funu s\u00f6ylediler. O zaman ben de \u00e7ok gen\u00e7tim. Ve her \u015feyden ku\u015fku duymak gibi bir \u00f6zelli\u011fim vard\u0131. \u0130ncirlik&#8217;te \u00e7al\u0131\u015f\u0131yor olmak benim i\u00e7in ku\u015fku duyulacak bir noktayd\u0131. Ve do\u011fal olarak hemen kendime g\u00f6re ara\u015ft\u0131rmalara ba\u015flad\u0131m. \u0130yi ki ku\u015fku duymu\u015fum, iyi ki ara\u015ft\u0131rmaya ba\u015flam\u0131\u015f\u0131m. Bu ku\u015fku ve ara\u015ft\u0131rmalar\u0131m bana \u00e7ok sa\u011flam bir devrimci dost kazand\u0131rd\u0131.<br><br> Cenan pek az insanda g\u00f6r\u00fcnen, teoriyi ya\u015fam\u0131na uygulama yetene\u011fine sahip biriydi. Hi\u00e7 unutmuyorum, 12 Eyl\u00fcl&#8217;den sonra bir s\u0131k\u0131y\u00f6netim tebli\u011fini dinledik radyoda. Arand\u0131\u011f\u0131m\u0131z\u0131 ve yurtd\u0131\u015f\u0131na ka\u00e7t\u0131\u011f\u0131m\u0131z\u0131 s\u00f6yl\u00fcyorlar ve arkas\u0131ndan malvarl\u0131\u011f\u0131m\u0131za ve bankalardaki paralar\u0131m\u0131za el konuldu\u011funu duyunca ikimiz de kahkahay\u0131 patlatm\u0131\u015ft\u0131k. Cenan hem g\u00fcl\u00fcyor hem de \u201cg\u00f6rd\u00fcn m\u00fc U\u011fur, devleti zengin ettik\u201d diyordu. Deyim yerindeyse hi\u00e7bir dikili a\u011fac\u0131 yoktu. <br><br>Aybar&#8217;\u0131n, Stalin&#8217;i ele\u015ftirmekle ba\u015flayan g\u00f6r\u00fc\u015flerini i\u00e7imizde ilk ve tam anlam\u0131yla kavrayan Cenan&#8217;d\u0131. Tart\u0131\u015fmalar\u0131m\u0131zda Lenin ve onun devrim anlay\u0131\u015f\u0131 sorunlar\u0131n\u0131 konu ederdik. \u0130\u015f\u00e7i s\u0131n\u0131f\u0131n\u0131n partisinin iktidar\u0131 yerine, i\u015f\u00e7i s\u0131n\u0131f\u0131n\u0131n bizzat kendisinin iktidar\u0131 kavram\u0131n\u0131 sendikal planda hayata ge\u00e7iren ilk ve tek sendikac\u0131d\u0131r. <br><br>\u0130lk genel ba\u015fkanl\u0131\u011f\u0131n\u0131 yapt\u0131\u011f\u0131 AS\u0130S sendikas\u0131nda toplu i\u015f s\u00f6zle\u015fmesi taslaklar\u0131n\u0131n, o i\u015fyerindeki i\u015f\u00e7ilerin t\u00fcm\u00fcyle birlikte haz\u0131rlanaca\u011f\u0131n\u0131 ve toplu i\u015f s\u00f6zle\u015fmelerinde b\u00fct\u00fcn i\u015f\u00e7ilerin m\u00fczakereye kat\u0131laca\u011f\u0131n\u0131 t\u00fcz\u00fck h\u00fckm\u00fc haline getirmi\u015fti. Ayr\u0131ca t\u00fcz\u00fckte, \u00fcye i\u015f\u00e7ilerin sendika y\u00f6netiminden her zaman hesap sorabilme yetkisi de vard\u0131. Sendikan\u0131n y\u00f6netim kademelerine \u00fcst \u00fcstte iki defa se\u00e7ilememe kural\u0131n\u0131 da yine Cenan B\u0131\u00e7ak\u00e7\u0131 getirmi\u015ftir. Bu kurallar tepkiyle kar\u015f\u0131lanm\u0131\u015f ve \u00f6zellikle D\u0130SK&#8217;te ele\u015ftirilere neden olmu\u015ftur. Cenan, politik ya\u015fam\u0131nda hi\u00e7 \u00f6d\u00fcn vermezdi. Sosyalist Devrim Partisi&#8217;nde y\u00f6netime iki kez se\u00e7ilememe kural\u0131 oldu\u011fu i\u00e7in, Aybar&#8217;\u0131n genel ba\u015fkanl\u0131k d\u00f6neminden sonra ba\u015fkanl\u0131\u011fa Cenan&#8217;la ikimiz aday olduk. Se\u00e7imi Cenan kazand\u0131 ve \u00f6ld\u00fc\u011f\u00fc zaman SDP&#8217;nin son genel ba\u015fkan\u0131yd\u0131. Son aylarda \u201cgelece\u011fi birlikte kural\u0131m parti giri\u015fimi\u201dnde \u00e7al\u0131\u015f\u0131yordu. Onun d\u00fcr\u00fcst, \u00f6d\u00fcns\u00fcz, dikkatli, \u00e7al\u0131\u015fkan tavr\u0131 parti giri\u015fiminin Ankara&#8217;da toparlanmas\u0131na neden oldu. Yurt gezilerinde her ilden de olumlu sonu\u00e7lar al\u0131yordu. <br><br>T\u00fcrkiye sosyalist hareketi, Cenan B\u0131\u00e7ak\u00e7\u0131&#8217;n\u0131n \u00f6l\u00fcm\u00fcyle \u00f6nemli bir darbe yemi\u015ftir.\u201d<br><br> Bu yaz\u0131 <a rel=\"noreferrer noopener\" href=\"https:\/\/web.archive.org\/web\/20230203122736\/http:\/www.inadina.com\/\" target=\"_blank\">inadina.com<\/a> web sitesinden al\u0131nm\u0131\u015ft\u0131r.<\/td><\/tr><\/tbody><\/table><\/figure>\n","protected":false},"excerpt":{"rendered":"<p>U\u011fur CANKO\u00c7AK Yeni Y\u00fczy\u0131l gazetesi \u2013 8 Eyl\u00fcl 1995 &#8211; Cenan B\u0131\u00e7ak\u00e7\u0131&#8217;y\u0131 1973&#8217;te Adana&#8217;da tan\u0131d\u0131m. T\u00fcrkiye \u0130\u015f\u00e7i Partisi&#8217;nin il ba\u015fkan\u0131yd\u0131. \u00c7ok gen\u00e7, dinamik ve iyi konu\u015fan, d\u00fc\u015f\u00fcncelerini \u00e7ok iyi ifade eden biri olarak dikkatimi \u00e7ekmi\u015fti. Genel Ba\u015fkan Mehmet Ali Aybar&#8217;la Adana&#8217;dayd\u0131k. Say\u0131lar\u0131 pek de fazla olmayan T\u0130P&#8217;lilere Aybar, T\u00fcrkiye&#8217;nin durumu ve partinin T\u00fcrkiye&#8217;nin sorunlar\u0131na getirdi\u011fi [&hellip;]<\/p>\n","protected":false},"author":1,"featured_media":0,"parent":0,"menu_order":0,"comment_status":"closed","ping_status":"closed","template":"","meta":[],"_links":{"self":[{"href":"https:\/\/cenanbicakci.net\/index.php?rest_route=\/wp\/v2\/pages\/75"}],"collection":[{"href":"https:\/\/cenanbicakci.net\/index.php?rest_route=\/wp\/v2\/pages"}],"about":[{"href":"https:\/\/cenanbicakci.net\/index.php?rest_route=\/wp\/v2\/types\/page"}],"author":[{"embeddable":true,"href":"https:\/\/cenanbicakci.net\/index.php?rest_route=\/wp\/v2\/users\/1"}],"replies":[{"embeddable":true,"href":"https:\/\/cenanbicakci.net\/index.php?rest_route=%2Fwp%2Fv2%2Fcomments&post=75"}],"version-history":[{"count":3,"href":"https:\/\/cenanbicakci.net\/index.php?rest_route=\/wp\/v2\/pages\/75\/revisions"}],"predecessor-version":[{"id":179,"href":"https:\/\/cenanbicakci.net\/index.php?rest_route=\/wp\/v2\/pages\/75\/revisions\/179"}],"wp:attachment":[{"href":"https:\/\/cenanbicakci.net\/index.php?rest_route=%2Fwp%2Fv2%2Fmedia&parent=75"}],"curies":[{"name":"wp","href":"https:\/\/api.w.org\/{rel}","templated":true}]}}