{"id":72,"date":"2024-10-26T06:35:24","date_gmt":"2024-10-26T06:35:24","guid":{"rendered":"https:\/\/cenanbicakci.net\/?page_id=72"},"modified":"2024-10-26T06:35:24","modified_gmt":"2024-10-26T06:35:24","slug":"televizyonda-yaptigi-ikinci-konusma","status":"publish","type":"page","link":"https:\/\/cenanbicakci.net\/?page_id=72","title":{"rendered":"Televizyonda yapt\u0131\u011f\u0131 ikinci konu\u015fma"},"content":{"rendered":"\n<figure class=\"wp-block-table\"><table><tbody><tr><td>\u00a0 <strong>14 Ekim 1979&#8217;da Senato se\u00e7imleri dolay\u0131s\u0131yla, Sosyalist Devrim Partisi Genel Ba\u015fkan\u0131 olarak televizyonda yapt\u0131\u011f\u0131 ikinci konu\u015fma.<\/strong><br><br> G\u00fcnlerdir s\u00fcren se\u00e7im konu\u015fmalar\u0131 \u201cTencere dibin kara, seninki benden kara\u201d d\u00fczeyini a\u015famad\u0131. Hepsini dinledik. Ba\u015fbakanlar\u0131 dinledik. Eskisini de yenisini de. Onlar ne dedi? \u201cTencere dibin kara, seninki benden kara\u201d dediler. Hoca efendi hazretleri de hak yolunda oldu\u011funu s\u00f6yledi. 50 y\u0131ldan beri ne yap\u0131lm\u0131\u015fsa bat\u0131lm\u0131\u015f. Atalar\u0131m\u0131z b\u00fcy\u00fck bir devlet kurmu\u015flarm\u0131\u015f. Ve biz 50 y\u0131l \u00f6ncesine d\u00f6nmeliymi\u015fiz. Bin y\u0131l \u00f6ncesine d\u00f6nelim demedi\u011fine \u015f\u00fckredin. Hoca efendi, hak yolundan ayr\u0131lmayan atalar\u0131m\u0131z\u0131n bu devleti nas\u0131l bat\u0131rd\u0131klar\u0131n\u0131 s\u00f6ylemiyor ve kurtulu\u015f olarak da \u0130slam devletleri birli\u011fini \u00f6neriyor. \u0130yi ho\u015f ya, bu birli\u011fin ekonomisi ne olacak? Arap krallar\u0131n\u0131n, petrol \u015feyhlerinin s\u00f6m\u00fcr\u00fcye dayal\u0131 ekonomisi kapitalist ekonomi de\u011fil midir? Ba\u015fbu\u011f T\u00fcrke\u015f, kocaman bir T\u00fcrkiye, b\u00fcy\u00fck bir T\u00fcrkiye \u00f6neriyor. T\u00fcm d\u00fcnyadaki T\u00fcrkleri bir araya getirmeyi \u00f6neriyor. Hayale bak\u0131n. Albay ba\u015fbu\u011f \u00c7in&#8217;le, Sovyetler Birli\u011fi&#8217;yle sava\u015farak kuracak herhalde bu b\u00fcy\u00fck T\u00fcrkiye&#8217;yi. \u00c7\u00fcnk\u00fc T\u00fcrk k\u00f6kenliler genel olarak bu iki \u00fclkede ya\u015famaktad\u0131rlar. Tabii \u00f6nce, bu b\u00fcy\u00fck T\u00fcrkiye i\u00e7eride kurulacak. \u0130\u015f\u00e7ilere, k\u00f6yl\u00fclere kan kusturup hizaya getirerek. <br><br>Demokratik \u00f6rg\u00fctleri, \u00fcniversiteleri hizaya getirerek&#8230; Partileri, sendikalar\u0131, bas\u0131n\u0131 hizaya getirerek. Ba\u015fbu\u011f T\u00fcrke\u015f ile arkada\u015flar\u0131n\u0131n hayalleri u\u011fruna, bizlere kan kusturarak. \u0130stedi\u011fi kadar fa\u015fizme kar\u015f\u0131y\u0131m desin&#8230; Emperyalizme kar\u015f\u0131y\u0131m da diyor. Ama biz bu milliyet\u00e7i hazretin a\u011fz\u0131ndan bug\u00fcne kadar hi\u00e7 Amerikan \u00fcslerine kar\u015f\u0131 \u00e7\u0131kt\u0131\u011f\u0131n\u0131 duymad\u0131k. Fakat onun atalar\u0131 Turanc\u0131lar\u0131n Birinci D\u00fcnya Sava\u015f\u0131nda alman emperyalizmini nas\u0131l desteklediklerini, onlara nas\u0131l hizmet ettiklerini biliyoruz. \u00dcslere kar\u015f\u0131 \u00e7\u0131kmayan sadece T\u00fcrke\u015f mi? Demirel ne dedi? Feyzio\u011flu ne dedi? Ecevit 20 aydan beri d\u00fczl\u00fc\u011fe \u00e7\u0131kt\u0131\u011f\u0131m\u0131z\u0131 m\u00fcjdeliyor bize. Hayret ettim do\u011frusu. Ba\u015fbakan hi\u00e7 etraf\u0131na bakm\u0131yor mu? G\u00f6rm\u00fcyor mu durumumuzu? Birka\u00e7 g\u00fcn \u00f6nceki konu\u015fmas\u0131nda da \u201cBizim halk\u0131m\u0131z hesaba kitaba gelmez\u201d demi\u015fti. Bir \u015fey s\u00f6yleyeyim mi size, benim de akl\u0131m Ba\u015fbakan\u0131n hesab\u0131na ermiyor. Hem b\u00fct\u00fcn bu cinayetlerin arkas\u0131nda MHP var diyeceksin hem de \u00fcst\u00fcne y\u00fcr\u00fcmeyeceksin. Aksine T\u00fcrke\u015f&#8217;e \u00e7a\u011fr\u0131 \u00e7\u0131kar\u0131p buyur gel anar\u015fiyi seninle beraber yenelim diyeceksin. Ecevit&#8217;in bu tutars\u0131z politikas\u0131 Demirel&#8217;e g\u00fc\u00e7 verdi. Pili bitmi\u015f Demirel&#8217;e g\u00fc\u00e7 verdi. Demirel \u201cBizim pe\u015fimize tak\u0131lanlar pi\u015fman olmazlar\u201d diyor. Asl\u0131nda b\u00fct\u00fcn partiler ayn\u0131 \u015feyi s\u00f6yl\u00fcyorlar. B\u00fct\u00fcn partiler halk\u0131 arkalar\u0131na takarak y\u00fcceltmek hevesindeler. \u0130ster sa\u011fda olsun ister solda g\u00f6r\u00fcns\u00fcnler b\u00fct\u00fcn partiler.<br><br> Nas\u0131l, T\u0130P&#8217;le TS\u0130P&#8217;in, bey tak\u0131m\u0131n\u0131n Moskova yanl\u0131s\u0131 partileri oldu\u011funu s\u00f6ylemi\u015ftik; konu\u015fmalar\u0131n\u0131 dinledikten sonra bize hak vermediniz mi? Neyse, b\u0131rakal\u0131m \u015fimdi onlar\u0131. Ne diyorsunuz? Bu partiler bizi kurtarabilecekler mi? Yani 14 Ekim se\u00e7imlerinden sonra, i\u015f bekleyen milyonlarca vatanda\u015f\u0131m\u0131za i\u015f verebilecekler mi? \u0130\u015f\u00e7inin, k\u00f6yl\u00fcn\u00fcn, dar gelirli memurlar\u0131n kazan\u00e7lar\u0131n\u0131 kendilerine yeter d\u00fczeye getirebilecekler mi? Ve yokluklar, can korkusu, pahal\u0131l\u0131k ortadan kalkacak m\u0131? \u00d6tesini istemiyoruz, bu kadar\u0131n\u0131 yapabilecekler mi bu partiler? \u201cEvet, ben inand\u0131m yaparlar bu partiler\u201d diyenler, helal olsun. Hay\u0131rl\u0131 olsun, gitsinler oylar\u0131n\u0131 gene o partilere versinler. Biz tuhaf adamlar\u0131z, garip adamlar\u0131z. Oturur \u00e7ocuklar\u0131m\u0131za ders veririz: \u201cO\u011flum arkada\u015flar\u0131n\u0131 iyi se\u00e7.\u201d Baz\u0131 adamlar hakk\u0131nda da \u201cB\u0131rak can\u0131m, o yalanc\u0131n\u0131n biridir, menfaat d\u00fc\u015fk\u00fcn\u00fcd\u00fcr, onunla arkada\u015fl\u0131k yap\u0131lmaz\u201d deriz. Ama g\u00f6t\u00fcr\u00fcp y\u00fczlerce defa yalan\u0131 ve menfaatperverli\u011fi ortaya \u00e7\u0131km\u0131\u015f bir tak\u0131m adamlar\u0131 ba\u015f\u0131m\u0131za getirir, devlet adam\u0131 olarak se\u00e7eriz. Biz, i\u015f\u00e7iler \u2013 k\u00f6yl\u00fcler iktidara gelmedik\u00e7e kurtulu\u015f yok dedik\u00e7e, siz \u201ccan\u0131m i\u015f\u00e7iden, k\u00f6yl\u00fcden devlet adam\u0131 olur mu\u201d dersiniz. Olur efendi olur. <br><br>\u0130\u015fte \u00f6rne\u011fi ortada: Sosyalist Devrim Partisi ad\u0131na konu\u015fan on ki\u015fiden sadece \u00fc\u00e7\u00fc y\u00fcksek \u00f6\u011frenim yapm\u0131\u015flard\u0131r. Di\u011fer konu\u015fanlar\u0131n biri terzi, be\u015fi de, \u00f6yle masa ba\u015f\u0131nda oturan de\u011fil, bilfiil, tezgah ba\u015f\u0131nda \u00e7al\u0131\u015fan i\u015f\u00e7ilerdir. Bunlardan ikisi ortaokul mezunu, \u00fc\u00e7\u00fc ilkokul mezunu. Hepsini dinlediniz. \u201cBen ilkokul mezunu bir i\u015f\u00e7iyim\u201d deyip konu\u015fan ki\u015finin mi s\u00f6zlerini do\u011fru buldunuz, siye uygun g\u00f6rd\u00fcn\u00fcz; yoksa, \u201cBen profes\u00f6r\u00fcm\u201d diyen bir ba\u015fka konu\u015fmac\u0131n\u0131n s\u00f6zlerini mi? Bunu size, kendinize g\u00fcvenesiniz diye anlat\u0131yorum. \u00c7\u00fcnk\u00fc para babalar\u0131n\u0131n en b\u00fcy\u00fck kuvveti: \u00f6yle topu t\u00fcfe\u011fi, jandarmas\u0131 polisi, hapishanesi de\u011fil; en b\u00fcy\u00fck kuvveti i\u015f\u00e7i ve k\u00f6yl\u00fclerin g\u00fcvenini sarsmak i\u00e7in yapt\u0131klar\u0131 propagandalard\u0131r. Buna kar\u015f\u0131 \u00e7\u0131kaca\u011f\u0131z. <br><br>Ama Sosyalist Devrim Partisi&#8217;nin sesini bu g\u00fcnden sonra radyo ve televizyonlardan duyam\u0131yacaks\u0131n\u0131z. \u00c7\u00fcnk\u00fc her \u015fey onlar\u0131n elinde. Ve onlar, mecliste milletvekilleri veya bir senat\u00f6r\u00fc bulunmayan partilere, ancak se\u00e7imden se\u00e7ime radyo ve televizyondan konu\u015fma hakk\u0131 veriyorlar. Yani 1981 y\u0131l\u0131na kadar bize televizyon yasak. Televizyon gene T\u00fcrke\u015f&#8217;lere, gene Demirellere, gene Ecevit&#8217;e ve di\u011ferlerine kalacak. Ama bu yasa\u011f\u0131 siz bozabilirsiniz. \u0130sterseniz Sosyalist Devrim Partisi&#8217;ne bir senat\u00f6r \u00e7\u0131karacak kadar oy verebilirsiniz. Bize inananlar oy versinler yeter bize. Oy verirsiniz vermezsiniz, sizin bilece\u011finiz i\u015f. Ama her \u015fey a\u00e7\u0131k, her \u015fey ortada, g\u00f6r\u00fcn art\u0131k.<br><br> Bunlar fakirden al\u0131p zengine satan t\u00fcccarlard\u0131r. Zenginin davulunu \u00e7alan Demirel&#8217;in ve di\u011ferlerinin sana faydas\u0131 yoktur. Bir \u201cMehdi\u201d zannedip iktidara getirdi\u011fin Ecevit de bo\u015f \u00e7\u0131kt\u0131. Ama g\u00f6r\u00fcn art\u0131k. Davran\u0131n, kollar\u0131 s\u0131vay\u0131n art\u0131k. Ve bilin ki hep bir araya gelmedik\u00e7e; bilin ki k\u00f6ylerde i\u015fyerlerinde komiteler kurup Sosyalist Devrim Partisi \u00e7evresinde toplanmad\u0131k\u00e7a kurtulu\u015f yok. Y\u00fczler, binler, milyonlar&#8230; G\u00f6rs\u00fcnler bakal\u0131m o zaman, el mi yaman bey mi yaman. Biz bunu s\u00f6yleriz. <br><br>\u00d6tesini siz bilirsiniz. Hadi art\u0131k eyvallah.<br><\/td><\/tr><tr><td>&nbsp;<\/td><\/tr><\/tbody><\/table><\/figure>\n","protected":false},"excerpt":{"rendered":"<p>\u00a0 14 Ekim 1979&#8217;da Senato se\u00e7imleri dolay\u0131s\u0131yla, Sosyalist Devrim Partisi Genel Ba\u015fkan\u0131 olarak televizyonda yapt\u0131\u011f\u0131 ikinci konu\u015fma. G\u00fcnlerdir s\u00fcren se\u00e7im konu\u015fmalar\u0131 \u201cTencere dibin kara, seninki benden kara\u201d d\u00fczeyini a\u015famad\u0131. Hepsini dinledik. Ba\u015fbakanlar\u0131 dinledik. Eskisini de yenisini de. Onlar ne dedi? \u201cTencere dibin kara, seninki benden kara\u201d dediler. Hoca efendi hazretleri de hak yolunda oldu\u011funu s\u00f6yledi. [&hellip;]<\/p>\n","protected":false},"author":1,"featured_media":0,"parent":0,"menu_order":0,"comment_status":"closed","ping_status":"closed","template":"","meta":[],"_links":{"self":[{"href":"https:\/\/cenanbicakci.net\/index.php?rest_route=\/wp\/v2\/pages\/72"}],"collection":[{"href":"https:\/\/cenanbicakci.net\/index.php?rest_route=\/wp\/v2\/pages"}],"about":[{"href":"https:\/\/cenanbicakci.net\/index.php?rest_route=\/wp\/v2\/types\/page"}],"author":[{"embeddable":true,"href":"https:\/\/cenanbicakci.net\/index.php?rest_route=\/wp\/v2\/users\/1"}],"replies":[{"embeddable":true,"href":"https:\/\/cenanbicakci.net\/index.php?rest_route=%2Fwp%2Fv2%2Fcomments&post=72"}],"version-history":[{"count":1,"href":"https:\/\/cenanbicakci.net\/index.php?rest_route=\/wp\/v2\/pages\/72\/revisions"}],"predecessor-version":[{"id":73,"href":"https:\/\/cenanbicakci.net\/index.php?rest_route=\/wp\/v2\/pages\/72\/revisions\/73"}],"wp:attachment":[{"href":"https:\/\/cenanbicakci.net\/index.php?rest_route=%2Fwp%2Fv2%2Fmedia&parent=72"}],"curies":[{"name":"wp","href":"https:\/\/api.w.org\/{rel}","templated":true}]}}