{"id":41,"date":"2024-10-26T05:46:22","date_gmt":"2024-10-26T05:46:22","guid":{"rendered":"https:\/\/cenanbicakci.net\/?page_id=41"},"modified":"2024-10-26T05:57:18","modified_gmt":"2024-10-26T05:57:18","slug":"6-eylulde-1987de-yapilan-siyasi-yasaklilarla-ilgili-referandum-icin-yaptigi-konusma","status":"publish","type":"page","link":"https:\/\/cenanbicakci.net\/?page_id=41","title":{"rendered":"Referandum i\u00e7in yapt\u0131\u011f\u0131 konu\u015fma"},"content":{"rendered":"\n<figure class=\"wp-block-table aligncenter is-style-regular\"><table><tbody><tr><td class=\"has-text-align-left\" data-align=\"left\"><strong><br>Referandumda Ne Yapmal\u0131y\u0131z?<\/strong><br><br><br>6 Eyl\u00fclde (1987) yap\u0131lacak, siyasi yasakl\u0131larla ilgili referandum, \u00fclkemizi \u00e7epe\u00e7evre saran yasaklar \u00e7emberinin devede kulak bile say\u0131lamayacak bir b\u00f6l\u00fcm\u00fcn\u00fc hedefliyor. \u0130\u015f\u00e7iler, memurlar, \u00f6\u011frenci gen\u00e7lik, \u00f6\u011fretim \u00fcyeleri, antidemokratik yasalarla mahkum edilmi\u015f gen\u00e7 \u2013 ya\u015fl\u0131 insanlar\u0131m\u0131z, sendikalar, dernekler&#8230; do\u011frudan yasalarla ve\/veya ekonomik bask\u0131lar sonucu fiilen yasakl\u0131lard\u0131r. <br><br>\u00d6n\u00fcm\u00fczdeki referandum bu sorunlara hi\u00e7bir \u00e7\u00f6z\u00fcm getirmiyor. \u00dcst\u00fcnde durulan konu, 12 Eyl\u00fcl hareket\u00e7ilerinin kendi d\u00fczenlemeleri i\u00e7indeki yarg\u0131 kararlar\u0131na bile gerek g\u00f6rmeksizin kimilerine koyduklar\u0131 siyasi yasaklamalard\u0131r. 12 Eyl\u00fclc\u00fcler, siyasi partilerin bir b\u00f6l\u00fcm\u00fc parlamenter olan 242 y\u00f6neticisine, 479 partili, 2 partisiz parlamentere siyaset yasa\u011f\u0131 koymu\u015flard\u0131r. Toplam\u0131 723 ki\u015fi olan yasakl\u0131lar\u0131n 242 ki\u015fisi 10 y\u0131ll\u0131k, di\u011ferleri 5 y\u0131ll\u0131kt\u0131r. Oysa referandum tart\u0131\u015fmalar\u0131 sadece 4 ki\u015fi \u00fczerinde yo\u011funla\u015ft\u0131r\u0131l\u0131yor. Ger\u00e7i say\u0131n\u0131n azl\u0131\u011f\u0131 ya da \u00e7oklu\u011fu olay\u0131n niteli\u011fini fazlaca etkilemez. \u0130yi ya da k\u00f6t\u00fc, halk taraf\u0131ndan se\u00e7ilmi\u015f kimi parlamenterlerin, \u00fcyeleri taraf\u0131ndan g\u00f6reve getirilmi\u015f kimi parti y\u00f6neticilerinin kuvvet kullan\u0131larak, demokratik olmayan bir organ\u0131n siyasi tercihiyle g\u00f6revden uzakla\u015ft\u0131r\u0131lmalar\u0131n\u0131, temel hak ve \u00f6zg\u00fcrl\u00fcklerden yoksun b\u0131rak\u0131lmalar\u0131n\u0131 benimsiyor muyuz? Buna verece\u011fim yan\u0131t\u0131 zarar g\u00f6renlerden yana olup olmamam\u0131z belirleyemez. \u00c7\u00fcnk\u00fc \u00e7ifte standart \u00f6zg\u00fcrl\u00fck ve demokrasiden yana olanlar i\u00e7in de\u011fildir. D\u00fcr\u00fcst olmayan bir yakla\u015f\u0131mla onu her zaman g\u00fcc\u00fc elinde tutanlar g\u00fc\u00e7s\u00fczlere kar\u015f\u0131 kullanm\u0131\u015flard\u0131r. <br><br>Demokrasicilik oynayan egemen g\u00fc\u00e7ler d\u00fc\u015f\u00fcnce ve \u00f6rg\u00fctlenme \u00f6zg\u00fcrl\u00fcklerini y\u0131llar y\u0131l\u0131 b\u00f6ylesine \u00e7ifte standartlara s\u0131\u011f\u0131narak s\u00fcrd\u00fcrd\u00fcler. Referandum \u201cevet\u201dle sonu\u00e7lansa bile, ba\u015fka davalardan mahkum olmu\u015f bir\u00e7ok ki\u015fi yine de siyasi haklar\u0131na kavu\u015famayacaklard\u0131r. Sonu\u00e7ta, hi\u00e7 kimse yararlanamasa da kar\u015f\u0131 kar\u015f\u0131ya b\u0131rak\u0131ld\u0131\u011f\u0131m\u0131z bu referandumda yasaklardan yana olunmamal\u0131d\u0131r. Benzer \u00f6rnekleri kimi \u00fclkelerde g\u00f6r\u00fcld\u00fc\u011f\u00fc gibi, T\u00fcrkiye&#8217;de de zaman zaman eski ba\u015fbakanlardan Menderes ve arkada\u015flar\u0131n\u0131n, \u015fair Naz\u0131m Hikmet&#8217;in yeniden yarg\u0131lanmalar\u0131 giri\u015fiminde bulunulmaktad\u0131r. Ne Menderes ve arkada\u015flar\u0131 hayata d\u00f6nd\u00fcr\u00fclebilecek ne de Naz\u0131m&#8217;a \u00e7ektirilen \u00e7ileler silinip at\u0131lacak. Ama herkes kendi a\u00e7\u0131s\u0131ndan tarihi bir hesapla\u015fma m\u00fccadelesi veriyor. Bu, mahkum eden eylemi mahkum etme m\u00fccadelesidir. Bu yakla\u015f\u0131m ki\u015fileri aklamaktan, onlar\u0131 itibarlar\u0131na kavu\u015fturmaktan \u00e7ok daha \u00f6ndedir. <br><br>12 Eyl\u00fcl \u00f6ncesine kadar h\u00fck\u00fcmet olmu\u015f yasakl\u0131lar da \u00fclkeyi yasaklar k\u0131skac\u0131nda tutmak isteyen zihniyetin temsilcileri olmu\u015flard\u0131r. Yine de \u201cBu referandum yasak\u00e7\u0131 kadrolar\u0131n kendi aralar\u0131ndaki hesapla\u015fmad\u0131r\u201d deyip ge\u00e7emeyiz. \u00d6zledikleri \u00fclke d\u00fczenine varmak i\u00e7in demokrasi ve \u00f6zg\u00fcrl\u00fck m\u00fccadelesi verenler kendi g\u00fcndemlerini kendileri belirlemelidir. Ne ki bu rastlant\u0131larla gelen ya da d\u0131\u015f\u0131m\u0131zdan dayat\u0131lmak istenen ko\u015fullara g\u00f6z \u2013 kulak kapamak, kay\u0131ts\u0131z kalmak de\u011fildir. \u201cYa hep ya hi\u00e7\u201d yakla\u015f\u0131m\u0131 da her zaman k\u00f6ktenci bir form\u00fclasyon olmuyor. \u00c7o\u011fu zaman eylemlerin d\u0131\u015f\u0131na d\u00fc\u015f\u00fcrebilir, gerisine itebilir. S\u00f6yleyecek s\u00f6z\u00fc, yap\u0131lacak i\u015fi olanlar her f\u0131rsattan yararlanarak daha \u00f6zg\u00fcr ortamlara do\u011fru ilerlemeye \u00e7al\u0131\u015f\u0131rlar. Bunun i\u00e7in yeni f\u0131rsatlar yaratmaya bakarlar. Konunun di\u011fer bir yan\u0131 da referandum yoluna ba\u015fvuranlar\u0131n hesaplar\u0131n\u0131n ne oldu\u011fudur. Hesap herkes\u00e7e biliniyor: Halktan onay al\u0131p t\u00fcm eylemleri i\u00e7in tart\u0131\u015fma kap\u0131lar\u0131n\u0131 daha da kapamak. Buna yard\u0131mc\u0131 olunamaz. Amac\u0131 belli olan referanduma gidilmesi engellenememi\u015fse, oyunu bir ba\u015fka a\u015famada bozman\u0131n yollar\u0131 aranmal\u0131d\u0131r. Oyun d\u00fczenleyicileri, istedikleri \u201chay\u0131r\u201d oyunu alabilecekleri umudunu ta\u015f\u0131yorlar. Haks\u0131z da de\u011filler. Halk\u0131 politik ve ekonomik bask\u0131 alt\u0131nda tutmak, bilin\u00e7lerini sapt\u0131rmak i\u00e7in y\u0131llard\u0131r her t\u00fcrl\u00fc arac\u0131 kullan\u0131yorlar. \u015eimdi bunun \u00fcr\u00fcnlerini bir kez daha alacaklar. Bu, bozulmas\u0131 gereken bir oyundur. Kar\u015f\u0131s\u0131ndaki kim olursa olsun, oyunun as\u0131l sahibi, \u00d6zal&#8217;\u0131n temsil etti\u011fi g\u00fc\u00e7lerdir. <br><br>Uzun s\u00fcren haz\u0131rl\u0131klar ve pazarl\u0131klar sonucu g\u00fcndeme, binlerce antidemokratik eylem i\u00e7inden yaln\u0131zca biri se\u00e7ilip getirildi. Halk\u0131 aldatmaya en \u00e7ok elveri\u015fli g\u00f6rd\u00fckleri i\u015flemlerden birini oylamaya sunarak itibarlar\u0131n\u0131 tazeletmek istiyorlar. Bu durumda herhalde do\u011fru olan, antidemokratik eylemlerin akland\u0131\u011f\u0131, yasak\u00e7\u0131l\u0131\u011f\u0131n me\u015frula\u015ft\u0131r\u0131ld\u0131\u011f\u0131 izleniminin yarat\u0131lmas\u0131na destek olmak de\u011fildir. \u201cHay\u0131r\u201d diyecek olanlar oyuna dolays\u0131z destek olacaklard\u0131r. Bo\u015f oy vereceklerle sand\u0131k ba\u015f\u0131na gitmeyecek olanlar da olayda taraf olmad\u0131klar\u0131n\u0131 savlarken asl\u0131nda yasaklar\u0131n devam\u0131n\u0131 isteyenlerin etraf\u0131n\u0131 tutmu\u015f olacaklard\u0131r. \u00c7\u00fcnk\u00fc oy kullanmamak, bo\u015f oy vermek bir durumun de\u011fi\u015fmesine de\u011fil de\u011fi\u015fmemesine katk\u0131da bulunmakt\u0131r. Ku\u015fkusuz, \u201cHay\u0131r\u201d oylar\u0131, \u00fclkeyi k\u0131yametler kopart\u0131c\u0131 karanl\u0131klara g\u00f6mmeyecek. \u201cEvet\u201d oylar\u0131 da g\u00fcll\u00fck g\u00fclistanl\u0131k etmeyecek. Ne ki \u201cEvet\u201dlerin \u00e7o\u011funlukta oldu\u011fu bir sonuz, di\u011fer yasaklar\u0131n da tart\u0131\u015f\u0131lmas\u0131na kap\u0131 a\u00e7acakt\u0131r. \u201cHay\u0131r\u201d sonucu ise kap\u0131lar\u0131n bir s\u00fcre daha kapal\u0131 tutulmas\u0131d\u0131r. Kap\u0131 aralaman\u0131n daha ba\u015fka bir\u00e7ok yollar\u0131 vard\u0131r. B\u00f6yle olmas\u0131, bu yolun kullan\u0131lmamas\u0131n\u0131 gerektirmez. <br><br>Ge\u00e7ici 4. Maddenin kald\u0131r\u0131lmas\u0131na \u201cEvet\u201d demenin anayasadaki di\u011fer yasaklar\u0131n kabul\u00fc anlam\u0131na gelece\u011fi g\u00f6r\u00fc\u015f\u00fc gibi, olay\u0131n demokrasi g\u00fc\u00e7leriyle militarizm aras\u0131nda bir safla\u015fma anlam\u0131n\u0131 ta\u015f\u0131d\u0131\u011f\u0131 g\u00f6r\u00fc\u015f\u00fc de \u00f6l\u00e7\u00fcs\u00fcz yakla\u015f\u0131mlar sonucudur. Demokrasi g\u00fc\u00e7leri i\u00e7inde yer ald\u0131klar\u0131ndan ku\u015fku duymad\u0131\u011f\u0131m\u0131z kimi \u00e7evreler kan\u0131mca yanl\u0131\u015f tahliller sonucu \u201cHay\u0131r\u201d oyu ya da bo\u015f oy kullanmak, sand\u0131k ba\u015f\u0131na gitmemek gibi bir yolu ye\u011flemi\u015flerdir. Bunlar\u0131 militarizm saf\u0131nda m\u0131 sayaca\u011f\u0131z. Buna kar\u015f\u0131n, eski AP&#8217;liler, MSP&#8217;liler, MHP&#8217;liler \u201cEvet\u201d oyu vereceklerini a\u00e7\u0131klad\u0131lar. Bunlar demokrasi g\u00fc\u00e7lerinin i\u00e7inde mi g\u00f6r\u00fcl\u00fcyor? Refah Partisi \u201cAllah\u0131n verdi\u011fi se\u00e7me se\u00e7ilme hakk\u0131n\u0131 yine allah alabilir\u201d gibi bir laf etti. Anla\u015f\u0131lan onlar da \u201cEvet\u201d oyu verecekler. Bunlar ve t\u00fcm \u201cEvet\u201d oyu verecekler demokrasi g\u00fc\u00e7leri olarak ayn\u0131 safta m\u0131 olaca\u011f\u0131z. Ciddi olamamak ne k\u00f6t\u00fc. Kendi kuyru\u011funu kurtarmak i\u00e7in \u00e7abalayanlar\u0131 da ge\u00e7mi\u015flerini g\u00f6rmezlikten gelerek demokrasi cephesinde g\u00f6stermek nas\u0131l iflah olmaz bir zaaft\u0131r. Yasakl\u0131 olmalar\u0131na kar\u015f\u0131n bu \u00e7evreler demokrasi anlay\u0131\u015flar\u0131n\u0131 bug\u00fcn de her f\u0131rsatta sergiliyorlar. <br><br>\u00dcst\u00fcnde en \u00e7ok durulan 4 yasakl\u0131dan her birinin ideoloji bug\u00fcn parlamentoda ve bir b\u00f6l\u00fcm\u00fcyle de iktidar partisinde temsil edilmektedir. Ayr\u0131ca her biri ba\u011f\u0131ms\u0131z olarak da partile\u015fmi\u015f durumdalar. Demokrasiden ne anlad\u0131klar\u0131n\u0131 her g\u00fcn yine kendilerinden \u00f6\u011freniyoruz. Referandum konusu irdelenirken olas\u0131 sonu\u00e7lar\u0131n halk\u0131n moral g\u00fcc\u00fcne yapaca\u011f\u0131 etkiler g\u00f6zard\u0131 edilemez. Ku\u015fkusuz onaylananlar kendilerini daha g\u00fc\u00e7l\u00fc g\u00f6rece ve yollar\u0131na daha da g\u00fcvenle devam edeceklerdir. Tart\u0131\u015f\u0131lmaz ki \u201cHay\u0131r\u201d sonucu sadece 12 Eyl\u00fcl felsefesini izleyenlere moral verecektir. Referandumun kimler taraf\u0131ndan ne i\u00e7in tezgahland\u0131\u011f\u0131 her f\u0131rsattan yararlanarak a\u00e7\u0131k\u00e7a ortaya konulmal\u0131d\u0131r. Oyun i\u00e7in getirilecek ele\u015ftirilerle birlikte olay\u0131n d\u0131\u015f\u0131nda da kalmamal\u0131d\u0131r. Verilecek oylarla T\u00fcrke\u015f, Erbakan, Demirel, Ecevit ve di\u011ferleri yasaklar zincirinden kurtar\u0131l\u0131p halka teslim edilmelidir. Belki de halk kimilerini yeniden se\u00e7erek bindi\u011fi dal\u0131 bir kez, birka\u00e7 kez daha kesecektir. Bunun \u00f6nlemi yasaklamalar de\u011fildir. <br><br>\u00c7\u00f6z\u00fcm i\u00e7in yolun ba\u015flang\u0131c\u0131, \u00f6zg\u00fcrl\u00fck ve demokrasinin kendisine ne denli yararl\u0131 olaca\u011f\u0131n\u0131n halk taraf\u0131ndan kavranmas\u0131d\u0131r. Bu m\u00fccadelede halk\u0131n yer almas\u0131n\u0131n sa\u011flanabilmesidir. Halk\u0131n do\u011fru se\u00e7im yapabilme yetene\u011finin geli\u015fmesine yard\u0131mc\u0131 olmakt\u0131r.<\/td><\/tr><tr><td class=\"has-text-align-left\" data-align=\"left\">&nbsp;<\/td><\/tr><\/tbody><\/table><\/figure>\n","protected":false},"excerpt":{"rendered":"<p>Referandumda Ne Yapmal\u0131y\u0131z? 6 Eyl\u00fclde (1987) yap\u0131lacak, siyasi yasakl\u0131larla ilgili referandum, \u00fclkemizi \u00e7epe\u00e7evre saran yasaklar \u00e7emberinin devede kulak bile say\u0131lamayacak bir b\u00f6l\u00fcm\u00fcn\u00fc hedefliyor. \u0130\u015f\u00e7iler, memurlar, \u00f6\u011frenci gen\u00e7lik, \u00f6\u011fretim \u00fcyeleri, antidemokratik yasalarla mahkum edilmi\u015f gen\u00e7 \u2013 ya\u015fl\u0131 insanlar\u0131m\u0131z, sendikalar, dernekler&#8230; do\u011frudan yasalarla ve\/veya ekonomik bask\u0131lar sonucu fiilen yasakl\u0131lard\u0131r. \u00d6n\u00fcm\u00fczdeki referandum bu sorunlara hi\u00e7bir \u00e7\u00f6z\u00fcm getirmiyor. \u00dcst\u00fcnde [&hellip;]<\/p>\n","protected":false},"author":1,"featured_media":0,"parent":0,"menu_order":0,"comment_status":"closed","ping_status":"closed","template":"","meta":[],"_links":{"self":[{"href":"https:\/\/cenanbicakci.net\/index.php?rest_route=\/wp\/v2\/pages\/41"}],"collection":[{"href":"https:\/\/cenanbicakci.net\/index.php?rest_route=\/wp\/v2\/pages"}],"about":[{"href":"https:\/\/cenanbicakci.net\/index.php?rest_route=\/wp\/v2\/types\/page"}],"author":[{"embeddable":true,"href":"https:\/\/cenanbicakci.net\/index.php?rest_route=\/wp\/v2\/users\/1"}],"replies":[{"embeddable":true,"href":"https:\/\/cenanbicakci.net\/index.php?rest_route=%2Fwp%2Fv2%2Fcomments&post=41"}],"version-history":[{"count":6,"href":"https:\/\/cenanbicakci.net\/index.php?rest_route=\/wp\/v2\/pages\/41\/revisions"}],"predecessor-version":[{"id":56,"href":"https:\/\/cenanbicakci.net\/index.php?rest_route=\/wp\/v2\/pages\/41\/revisions\/56"}],"wp:attachment":[{"href":"https:\/\/cenanbicakci.net\/index.php?rest_route=%2Fwp%2Fv2%2Fmedia&parent=41"}],"curies":[{"name":"wp","href":"https:\/\/api.w.org\/{rel}","templated":true}]}}