{"id":35,"date":"2024-10-26T05:37:14","date_gmt":"2024-10-26T05:37:14","guid":{"rendered":"https:\/\/cenanbicakci.net\/?page_id=35"},"modified":"2024-10-26T09:24:57","modified_gmt":"2024-10-26T09:24:57","slug":"belgeler","status":"publish","type":"page","link":"https:\/\/cenanbicakci.net\/?page_id=35","title":{"rendered":"Belgeler"},"content":{"rendered":"\n<div class=\"wp-block-columns\">\n<div class=\"wp-block-column\">\n<figure class=\"wp-block-embed is-type-wp-embed is-provider-cenan-bicakci wp-block-embed-cenan-bicakci\"><div class=\"wp-block-embed__wrapper\">\n<blockquote class=\"wp-embedded-content\" data-secret=\"W1xOXhB9Qy\"><a href=\"https:\/\/cenanbicakci.net\/?page_id=53\">Televizyonda yapt\u0131\u011f\u0131 ilk konu\u015fma<\/a><\/blockquote><iframe class=\"wp-embedded-content\" sandbox=\"allow-scripts\" security=\"restricted\" style=\"position: absolute; clip: rect(1px, 1px, 1px, 1px);\" title=\"&#8220;Televizyonda yapt\u0131\u011f\u0131 ilk konu\u015fma&#8221; &#8212; Cenan B\u0131\u00e7ak\u00e7\u0131\" src=\"https:\/\/cenanbicakci.net\/?page_id=53&#038;embed=true#?secret=W1xOXhB9Qy\" data-secret=\"W1xOXhB9Qy\" width=\"580\" height=\"327\" frameborder=\"0\" marginwidth=\"0\" marginheight=\"0\" scrolling=\"no\"><\/iframe>\n<\/div><\/figure>\n\n\n\n<figure class=\"wp-block-embed is-type-wp-embed is-provider-cenan-bicakci wp-block-embed-cenan-bicakci\"><div class=\"wp-block-embed__wrapper\">\n<blockquote class=\"wp-embedded-content\" data-secret=\"zds3bSdBsE\"><a href=\"https:\/\/cenanbicakci.net\/?page_id=72\">Televizyonda yapt\u0131\u011f\u0131 ikinci konu\u015fma<\/a><\/blockquote><iframe class=\"wp-embedded-content\" sandbox=\"allow-scripts\" security=\"restricted\" style=\"position: absolute; clip: rect(1px, 1px, 1px, 1px);\" title=\"&#8220;Televizyonda yapt\u0131\u011f\u0131 ikinci konu\u015fma&#8221; &#8212; Cenan B\u0131\u00e7ak\u00e7\u0131\" src=\"https:\/\/cenanbicakci.net\/?page_id=72&#038;embed=true#?secret=zds3bSdBsE\" data-secret=\"zds3bSdBsE\" width=\"580\" height=\"327\" frameborder=\"0\" marginwidth=\"0\" marginheight=\"0\" scrolling=\"no\"><\/iframe>\n<\/div><\/figure>\n<\/div>\n<\/div>\n\n\n\n<figure class=\"wp-block-embed is-type-wp-embed is-provider-cenan-bicakci wp-block-embed-cenan-bicakci\"><div class=\"wp-block-embed__wrapper\">\n<blockquote class=\"wp-embedded-content\" data-secret=\"wzGT0fzmQT\"><a href=\"https:\/\/cenanbicakci.net\/?page_id=37\">Yay\u0131nlanan Son S\u00f6yle\u015fisi<\/a><\/blockquote><iframe class=\"wp-embedded-content\" sandbox=\"allow-scripts\" security=\"restricted\" style=\"position: absolute; clip: rect(1px, 1px, 1px, 1px);\" title=\"&#8220;Yay\u0131nlanan Son S\u00f6yle\u015fisi&#8221; &#8212; Cenan B\u0131\u00e7ak\u00e7\u0131\" src=\"https:\/\/cenanbicakci.net\/?page_id=37&#038;embed=true#?secret=wzGT0fzmQT\" data-secret=\"wzGT0fzmQT\" width=\"580\" height=\"327\" frameborder=\"0\" marginwidth=\"0\" marginheight=\"0\" scrolling=\"no\"><\/iframe>\n<\/div><\/figure>\n\n\n\n<div class=\"wp-block-columns\">\n<div class=\"wp-block-column\">\n<div class=\"wp-block-columns\">\n<div class=\"wp-block-column\">\n<figure class=\"wp-block-embed is-type-wp-embed is-provider-cenan-bicakci wp-block-embed-cenan-bicakci\"><div class=\"wp-block-embed__wrapper\">\n<blockquote class=\"wp-embedded-content\" data-secret=\"LPjijpZsia\"><a href=\"https:\/\/cenanbicakci.net\/?page_id=41\">Referandum i\u00e7in yapt\u0131\u011f\u0131 konu\u015fma<\/a><\/blockquote><iframe class=\"wp-embedded-content\" sandbox=\"allow-scripts\" security=\"restricted\" style=\"position: absolute; clip: rect(1px, 1px, 1px, 1px);\" title=\"&#8220;Referandum i\u00e7in yapt\u0131\u011f\u0131 konu\u015fma&#8221; &#8212; Cenan B\u0131\u00e7ak\u00e7\u0131\" src=\"https:\/\/cenanbicakci.net\/?page_id=41&#038;embed=true#?secret=LPjijpZsia\" data-secret=\"LPjijpZsia\" width=\"580\" height=\"327\" frameborder=\"0\" marginwidth=\"0\" marginheight=\"0\" scrolling=\"no\"><\/iframe>\n<\/div><\/figure>\n<\/div>\n<\/div>\n<\/div>\n<\/div>\n\n\n\n<figure class=\"wp-block-embed is-type-wp-embed is-provider-cenan-bicakci wp-block-embed-cenan-bicakci\"><div class=\"wp-block-embed__wrapper\">\n<blockquote class=\"wp-embedded-content\" data-secret=\"nHa5b6AxK2\"><a href=\"https:\/\/cenanbicakci.net\/?page_id=65\">Mehmet Ali Aybar \u00d6zel Eki<\/a><\/blockquote><iframe class=\"wp-embedded-content\" sandbox=\"allow-scripts\" security=\"restricted\" style=\"position: absolute; clip: rect(1px, 1px, 1px, 1px);\" title=\"&#8220;Mehmet Ali Aybar \u00d6zel Eki&#8221; &#8212; Cenan B\u0131\u00e7ak\u00e7\u0131\" src=\"https:\/\/cenanbicakci.net\/?page_id=65&#038;embed=true#?secret=nHa5b6AxK2\" data-secret=\"nHa5b6AxK2\" width=\"580\" height=\"327\" frameborder=\"0\" marginwidth=\"0\" marginheight=\"0\" scrolling=\"no\"><\/iframe>\n<\/div><\/figure>\n\n\n\n<figure class=\"wp-block-embed is-type-wp-embed is-provider-cenan-bicakci wp-block-embed-cenan-bicakci\"><div class=\"wp-block-embed__wrapper\">\n<blockquote class=\"wp-embedded-content\" data-secret=\"MRiQDMmBEx\"><a href=\"https:\/\/cenanbicakci.net\/?page_id=49\">SEND\u0130KACILIK ANILARI, G\u00d6R\u00dc\u015eLER\u0130&#8230;<\/a><\/blockquote><iframe class=\"wp-embedded-content\" sandbox=\"allow-scripts\" security=\"restricted\" style=\"position: absolute; clip: rect(1px, 1px, 1px, 1px);\" title=\"&#8220;SEND\u0130KACILIK ANILARI, G\u00d6R\u00dc\u015eLER\u0130&#8230;&#8221; &#8212; Cenan B\u0131\u00e7ak\u00e7\u0131\" src=\"https:\/\/cenanbicakci.net\/?page_id=49&#038;embed=true#?secret=MRiQDMmBEx\" data-secret=\"MRiQDMmBEx\" width=\"580\" height=\"327\" frameborder=\"0\" marginwidth=\"0\" marginheight=\"0\" scrolling=\"no\"><\/iframe>\n<\/div><\/figure>\n\n\n\n<figure class=\"wp-block-embed is-type-wp-embed is-provider-cenan-bicakci wp-block-embed-cenan-bicakci\"><div class=\"wp-block-embed__wrapper\">\n<blockquote class=\"wp-embedded-content\" data-secret=\"RPE4ZJlrmv\"><a href=\"https:\/\/cenanbicakci.net\/?page_id=96\">Bir incirlik \u00fcss\u00fc var!<\/a><\/blockquote><iframe class=\"wp-embedded-content\" sandbox=\"allow-scripts\" security=\"restricted\" style=\"position: absolute; clip: rect(1px, 1px, 1px, 1px);\" title=\"&#8220;Bir incirlik \u00fcss\u00fc var!&#8221; &#8212; Cenan B\u0131\u00e7ak\u00e7\u0131\" src=\"https:\/\/cenanbicakci.net\/?page_id=96&#038;embed=true#?secret=RPE4ZJlrmv\" data-secret=\"RPE4ZJlrmv\" width=\"580\" height=\"327\" frameborder=\"0\" marginwidth=\"0\" marginheight=\"0\" scrolling=\"no\"><\/iframe>\n<\/div><\/figure>\n\n\n\n<figure class=\"wp-block-embed is-type-wp-embed is-provider-tustav wp-block-embed-tustav\"><div class=\"wp-block-embed__wrapper\">\n<blockquote class=\"wp-embedded-content\" data-secret=\"zbb6hT5R0a\"><a href=\"https:\/\/www.tustav.org\/gorsel-isitsel\/cenan-bicakcinin-sosyalist-devrim-partisi-icin-yaptigi-radyo-konusmasi\/\">CENAN BI\u00c7AK\u00c7I&#8217;NIN SOSYAL\u0130ST DEVR\u0130M PART\u0130S\u0130 \u0130\u00c7\u0130N YAPTI\u011eI RADYO KONU\u015eMASI<\/a><\/blockquote><iframe class=\"wp-embedded-content\" sandbox=\"allow-scripts\" security=\"restricted\" style=\"position: absolute; clip: rect(1px, 1px, 1px, 1px);\" title=\"&#8220;CENAN BI\u00c7AK\u00c7I&#8217;NIN SOSYAL\u0130ST DEVR\u0130M PART\u0130S\u0130 \u0130\u00c7\u0130N YAPTI\u011eI RADYO KONU\u015eMASI&#8221; &#8212; T\u00dcSTAV\" src=\"https:\/\/www.tustav.org\/gorsel-isitsel\/cenan-bicakcinin-sosyalist-devrim-partisi-icin-yaptigi-radyo-konusmasi\/embed\/#?secret=xnoc1sA8Sx#?secret=zbb6hT5R0a\" data-secret=\"zbb6hT5R0a\" width=\"580\" height=\"327\" frameborder=\"0\" marginwidth=\"0\" marginheight=\"0\" scrolling=\"no\"><\/iframe>\n<\/div><\/figure>\n\n\n\n<p><\/p>\n","protected":false},"excerpt":{"rendered":"","protected":false},"author":1,"featured_media":0,"parent":0,"menu_order":0,"comment_status":"closed","ping_status":"closed","template":"","meta":[],"_links":{"self":[{"href":"https:\/\/cenanbicakci.net\/index.php?rest_route=\/wp\/v2\/pages\/35"}],"collection":[{"href":"https:\/\/cenanbicakci.net\/index.php?rest_route=\/wp\/v2\/pages"}],"about":[{"href":"https:\/\/cenanbicakci.net\/index.php?rest_route=\/wp\/v2\/types\/page"}],"author":[{"embeddable":true,"href":"https:\/\/cenanbicakci.net\/index.php?rest_route=\/wp\/v2\/users\/1"}],"replies":[{"embeddable":true,"href":"https:\/\/cenanbicakci.net\/index.php?rest_route=%2Fwp%2Fv2%2Fcomments&post=35"}],"version-history":[{"count":13,"href":"https:\/\/cenanbicakci.net\/index.php?rest_route=\/wp\/v2\/pages\/35\/revisions"}],"predecessor-version":[{"id":184,"href":"https:\/\/cenanbicakci.net\/index.php?rest_route=\/wp\/v2\/pages\/35\/revisions\/184"}],"wp:attachment":[{"href":"https:\/\/cenanbicakci.net\/index.php?rest_route=%2Fwp%2Fv2%2Fmedia&parent=35"}],"curies":[{"name":"wp","href":"https:\/\/api.w.org\/{rel}","templated":true}]}}