{"id":20,"date":"2024-10-24T09:54:55","date_gmt":"2024-10-24T09:54:55","guid":{"rendered":"https:\/\/cenanbicakci.net\/?page_id=20"},"modified":"2024-10-26T08:53:59","modified_gmt":"2024-10-26T08:53:59","slug":"ozgecmis","status":"publish","type":"page","link":"https:\/\/cenanbicakci.net\/?page_id=20","title":{"rendered":"\u00d6zge\u00e7mi\u015f"},"content":{"rendered":"\n<div class=\"wp-block-media-text alignwide is-stacked-on-mobile is-vertically-aligned-top\" style=\"grid-template-columns:41% auto\"><figure class=\"wp-block-media-text__media\"><img loading=\"lazy\" width=\"768\" height=\"1024\" src=\"http:\/\/cenanbicakci.net\/wp-content\/uploads\/2024\/10\/cb-2-768x1024.jpg\" alt=\"\" class=\"wp-image-107 size-full\" srcset=\"https:\/\/cenanbicakci.net\/wp-content\/uploads\/2024\/10\/cb-2-768x1024.jpg 768w, https:\/\/cenanbicakci.net\/wp-content\/uploads\/2024\/10\/cb-2-225x300.jpg 225w, https:\/\/cenanbicakci.net\/wp-content\/uploads\/2024\/10\/cb-2-1152x1536.jpg 1152w, https:\/\/cenanbicakci.net\/wp-content\/uploads\/2024\/10\/cb-2-1200x1600.jpg 1200w, https:\/\/cenanbicakci.net\/wp-content\/uploads\/2024\/10\/cb-2.jpg 1440w\" sizes=\"(max-width: 768px) 100vw, 768px\" \/><\/figure><div class=\"wp-block-media-text__content\">\n<p>\u2022 1933 y\u0131l\u0131nda Adana\u2019da do\u011fdu. Orman \u0130\u015fletmesi\u2019nde \u00e7al\u0131\u015fan bir memurun o\u011fluydu.<\/p>\n\n\n\n<p>\u2022 Elaz\u0131\u011f Erkek Sanat Enstit\u00fcs\u00fc Torna \u2013 Tesviye b\u00f6l\u00fcm\u00fcn\u00fc, ard\u0131ndan \u0130stanbul Gazetecilik Okulu\u2019nu bitirdi.<\/p>\n\n\n\n<p>\u2022 \u00d6\u011frenciyken, orman b\u00f6lgelerinde, yol in\u015fatlar\u0131nda, matbaa i\u015flerinde \u00e7al\u0131\u015ft\u0131. Gazetelerde d\u00fczeltmenlik yapt\u0131.<\/p>\n\n\n\n<p>\u2022 Adana\u2019da \u0130ncirlik Havaalan\u0131\u2019nda, ara\u00e7 hareket g\u00f6revlisi (dispe\u00e7er) olarak \u00e7al\u0131\u015f\u0131rken sendika ba\u015fkan\u0131 se\u00e7ildi (1961)<\/p>\n\n\n\n<p>\u2022 1962\u2019de T\u00fcrkiye \u0130\u015f\u00e7i Partisi\u2019ne (T\u0130P) girdi. \u00d6nce Adana il gen\u00e7lik kolu ba\u015fkanl\u0131\u011f\u0131, ard\u0131ndan il ba\u015fkanl\u0131\u011f\u0131, genel y\u00f6netim kurulu \u00fcyeli\u011fi g\u00f6revlerinde bulundu.<\/p>\n\n\n\n<p>\u2022 Yap\u0131 \u0130\u015f\u00e7ileri Sendikas\u0131\u2019n\u0131n b\u00f6lge temsilcili\u011fini yapt\u0131. (1966)<\/p>\n\n\n\n<p>\u2022 1967\u2019de Devrimci \u0130\u015f\u00e7i Sendikalar\u0131 Konfederasyonu\u2019nun (D\u0130SK) G\u00fcney B\u00f6lge Temsilcili\u011fine atand\u0131. Ayn\u0131 y\u0131l, sendikac\u0131l\u0131k anlay\u0131\u015f\u0131ndaki farkl\u0131l\u0131klar nedeniyle g\u00f6revden al\u0131nd\u0131.<\/p>\n\n\n\n<p>\u2022 1968\u2019de \u0130stanbul\u2019da D\u0130SK\u2019e ba\u011fl\u0131 T\u00fcrkiye G\u0131da \u0130\u015f\u2019in \u00f6rg\u00fctlenmesinde \u00e7al\u0131\u015ft\u0131.<\/p>\n\n\n\n<p>\u2022 1968 y\u0131l\u0131nda T\u0130P\u2019deki b\u00f6l\u00fcnmede, Sadun Aren \u2013 Behice Boran grubuna kar\u015f\u0131 Mehmet ali Aybar\u2019\u0131n yan\u0131nda yer ald\u0131. Daha sonra Aybar\u2019la birlikte partiden ayr\u0131ld\u0131.<\/p>\n\n\n\n<p>\u2022 12 Mart 1971\u2019den sonra iki kez g\u00f6zalt\u0131na al\u0131nd\u0131. Kontrgerilla\u2019da i\u015fkence g\u00f6rd\u00fc. A\u00e7\u0131lan her iki davadan da beraat etti.<\/p>\n\n\n\n<p>\u2022 1973\u2019te kurulan ve 1974\u2019te D\u0130SK\u2019e kat\u0131lan A\u011fa\u00e7 Sanayii \u0130\u015f\u00e7ileri Sendikas\u0131\u2019n\u0131n (AS\u0130S) genel ba\u015fkanl\u0131\u011f\u0131na getirildi.<\/p>\n\n\n\n<p>\u2022 1975\u2019te, daha sonra Sosyalist Devrim Partisi (SDP) ad\u0131n\u0131 alacak olan Sosyalist Parti\u2019nin kurucular\u0131 aras\u0131nda yer ald\u0131.<\/p>\n\n\n\n<p>\u2022 1979\u2019da, t\u00fcz\u00fck gere\u011fi genel ba\u015fkanl\u0131ktan ayr\u0131lan Aybar\u2019\u0131n yerine, SDP genel ba\u015fkanl\u0131\u011f\u0131na se\u00e7ildi. Siyasi \u00e7al\u0131\u015fmalar\u0131 dolay\u0131s\u0131yla AS\u0130S genel ba\u015fkanl\u0131\u011f\u0131ndan ayr\u0131ld\u0131 ancak 1977\u2019de se\u00e7ildi\u011fi D\u0130SK Y\u00f6netim Kurulu \u00fcyeli\u011fini s\u00fcrd\u00fcrd\u00fc.<\/p>\n\n\n\n<p>\u2022 12 Eyl\u00fcl 1980\u2019den sonra, D\u0130SK y\u00f6neticileriyle birlikte hakk\u0131nda kovu\u015fturma a\u00e7\u0131ld\u0131. Yakalanamad\u0131\u011f\u0131 gerek\u00e7esiyle dosyas\u0131 davadan ayr\u0131ld\u0131, s\u0131k\u0131y\u00f6netim kalk\u0131nca da hakk\u0131nda kovu\u015fturmaya yer olmad\u0131\u011f\u0131na karar verildi.<\/p>\n\n\n\n<p>\u2022 1986 y\u0131l\u0131nda, Ankara\u2019da d\u00fczenlenen \u201cSosyalist Partide Parti \u0130\u00e7i Demokrasi\u201d konulu bir panelde yapt\u0131\u011f\u0131 konu\u015fmada, kom\u00fcnizmi \u00f6vd\u00fc\u011f\u00fc sav\u0131yla tutukland\u0131, 3 ay tutuklu kald\u0131 sonra da akland\u0131.<\/p>\n\n\n\n<p>\u2022 12 Eyl\u00fcl\u2019den sonra kapat\u0131lan siyasi partilerin yeniden a\u00e7\u0131lmas\u0131na olanak veren yasa gere\u011fince, 27 Aral\u0131k 1992 g\u00fcn\u00fc yap\u0131lan SDP genel kurulunda Genel Ba\u015fkanl\u0131\u011fa yeniden se\u00e7ildi.<\/p>\n\n\n\n<p>\u2022 25.6.1995 tarihinde yap\u0131lan SDP Genel Kurulunda, 5 sosyalist parti oldu\u011fu, bu partilerin birle\u015ftirilmesi \u00e7abalar\u0131n\u0131n olumlu bir sonuca vard\u0131r\u0131lamad\u0131\u011f\u0131, \u00fcstelik iki yeni partinin daha kurulmas\u0131n\u0131n kesinle\u015fti\u011fi, partilerin d\u0131\u015f\u0131nda duran sosyalistlerin, partile\u015fmi\u015f sosyalistlerden \u00e7ok daha fazla oldu\u011fu vurguland\u0131. SDP, da\u011f\u0131n\u0131kl\u0131\u011f\u0131 durdurmak, sosyalist m\u00fccadeledeki t\u0131kan\u0131kl\u0131\u011f\u0131 a\u015fmak i\u00e7in yeniden yap\u0131lanmak \u00fczere kendini feshetti; di\u011fer sosyalist partilerle, t\u00fcm sosyalist \u00f6rg\u00fctlenmelere, birlikte yeniden yap\u0131lanma i\u00e7in, kendilerini feshetmeleri \u00e7a\u011fr\u0131s\u0131nda bulundu.<\/p>\n\n\n\n<p>\u2022 Sonradan \u00d6zg\u00fcrl\u00fck ve Dayan\u0131\u015fma Partisi ad\u0131n\u0131 alacak olan \u201cGelece\u011fi Birlikte Kural\u0131m Parti Giri\u015fimi\u201dnde aktif olarak \u00e7al\u0131\u015ft\u0131\u011f\u0131, yurt gezileri yapt\u0131\u011f\u0131 bir d\u00f6nemde, 6 Eyl\u00fcl 1995 g\u00fcn\u00fc, Ankara\u2019daki evinde kalp krizi ge\u00e7irdi ve \u00f6ld\u00fc.<\/p>\n\n\n\n<p>\u2022 \u0130ki kez evlenen Cenan B\u0131\u00e7ak\u00e7\u0131 biri k\u0131z, be\u015f \u00e7ocuk babas\u0131yd\u0131.<\/p>\n\n\n\n<p>\u2022 Mezar\u0131, Ankara Kar\u015f\u0131yaka Mezarl\u0131\u011f\u0131 S 12 nolu ada ve 747 nolu parseldedir.<\/p>\n<\/div><\/div>\n","protected":false},"excerpt":{"rendered":"<p>\u2022 1933 y\u0131l\u0131nda Adana\u2019da do\u011fdu. Orman \u0130\u015fletmesi\u2019nde \u00e7al\u0131\u015fan bir memurun o\u011fluydu. \u2022 Elaz\u0131\u011f Erkek Sanat Enstit\u00fcs\u00fc Torna \u2013 Tesviye b\u00f6l\u00fcm\u00fcn\u00fc, ard\u0131ndan \u0130stanbul Gazetecilik Okulu\u2019nu bitirdi. \u2022 \u00d6\u011frenciyken, orman b\u00f6lgelerinde, yol in\u015fatlar\u0131nda, matbaa i\u015flerinde \u00e7al\u0131\u015ft\u0131. Gazetelerde d\u00fczeltmenlik yapt\u0131. \u2022 Adana\u2019da \u0130ncirlik Havaalan\u0131\u2019nda, ara\u00e7 hareket g\u00f6revlisi (dispe\u00e7er) olarak \u00e7al\u0131\u015f\u0131rken sendika ba\u015fkan\u0131 se\u00e7ildi (1961) \u2022 1962\u2019de T\u00fcrkiye \u0130\u015f\u00e7i [&hellip;]<\/p>\n","protected":false},"author":1,"featured_media":0,"parent":0,"menu_order":0,"comment_status":"closed","ping_status":"closed","template":"","meta":[],"_links":{"self":[{"href":"https:\/\/cenanbicakci.net\/index.php?rest_route=\/wp\/v2\/pages\/20"}],"collection":[{"href":"https:\/\/cenanbicakci.net\/index.php?rest_route=\/wp\/v2\/pages"}],"about":[{"href":"https:\/\/cenanbicakci.net\/index.php?rest_route=\/wp\/v2\/types\/page"}],"author":[{"embeddable":true,"href":"https:\/\/cenanbicakci.net\/index.php?rest_route=\/wp\/v2\/users\/1"}],"replies":[{"embeddable":true,"href":"https:\/\/cenanbicakci.net\/index.php?rest_route=%2Fwp%2Fv2%2Fcomments&post=20"}],"version-history":[{"count":20,"href":"https:\/\/cenanbicakci.net\/index.php?rest_route=\/wp\/v2\/pages\/20\/revisions"}],"predecessor-version":[{"id":164,"href":"https:\/\/cenanbicakci.net\/index.php?rest_route=\/wp\/v2\/pages\/20\/revisions\/164"}],"wp:attachment":[{"href":"https:\/\/cenanbicakci.net\/index.php?rest_route=%2Fwp%2Fv2%2Fmedia&parent=20"}],"curies":[{"name":"wp","href":"https:\/\/api.w.org\/{rel}","templated":true}]}}